{"id":11653,"date":"2021-04-29T11:08:13","date_gmt":"2021-04-29T09:08:13","guid":{"rendered":"https:\/\/www.ambrogi.it\/galleria-forni-per-pizzeria\/"},"modified":"2024-05-29T18:46:50","modified_gmt":"2024-05-29T16:46:50","slug":"galeria-hornos-para-pizzeria","status":"publish","type":"page","link":"https:\/\/www.ambrogi.it\/es\/galeria-hornos-para-pizzeria\/","title":{"rendered":"Galer\u00eca"},"content":{"rendered":"<div class=\"wpb-content-wrapper\"><p>[vc_row type=\u00bbfull-width-section\u00bb css=\u00bb.vc_custom_1717001209095{padding-top: 140px !important;padding-bottom: 140px !important;background-image: url(https:\/\/www.ambrogi.it\/wp-content\/uploads\/2023\/10\/header-napoli-elite.jpg?id=17178) !important;}\u00bb el_class=\u00bbtitle_row\u00bb][vc_column width=\u00bb1\/2&#8243;][vc_custom_heading text=\u00bbGALER\u00cdA\u00bb font_container=\u00bbtag:div|font_size:65|text_align:left|color:%23ffffff\u00bb google_fonts=\u00bbfont_family:Muli%3A300%2C300italic%2Cregular%2Citalic|font_style:400%20regular%3A400%3Anormal\u00bb][\/vc_column][vc_column width=\u00bb1\/2&#8243;][\/vc_column][\/vc_row][vc_row][vc_column][vc_custom_heading text=\u00bbNUESTROS HORNOS EN EL MUNDO\u00bb font_container=\u00bbtag:h2|text_align:center\u00bb use_theme_fonts=\u00bbyes\u00bb][vc_column_text]<\/p>\n<p style=\"text-align: center;\">Los hornos Ambrogi son un s\u00edmbolo de la tradici\u00f3n italiana, atentos a la calidad de los materiales y la est\u00e9tica. Nuestros hornos profesionales de le\u00f1a y gas est\u00e1n presentes en todo el mundo. Al estilo y a la calidad del horno y atada tambi\u00e9n la imagen del local y su \u00e9xito. El inconfundible dise\u00f1o de los hornos Ambrogi se acostumbra cualquier entorno laboral, del m\u00e1s cl\u00e1sico al m\u00e1s moderno y a los hornos pueden ser insertados en decoraciones nuevas o ya existentes.<\/p>\n<p>[\/vc_column_text][\/vc_column][\/vc_row][vc_row][vc_column width=\u00bb1\/6&#8243;][\/vc_column][vc_column width=\u00bb2\/3&#8243;]<style type=\"text\/css\" >#ic_lv1acvfhghbmetvs5klk {margin:50px auto 0px; }#ic_lv1acvfhghbmetvs5klk .owl-prev,#ic_lv1acvfhghbmetvs5klk .owl-next{border-color:#ecf0f1; background:#ffffff; color:#5b5b5b; }#ic_lv1acvfhghbmetvs5klk .owl-prev:hover,#ic_lv1acvfhghbmetvs5klk .owl-next:hover{background:#f9fafb; color:#3f3f3f; }#ic_lv1acvfhghbmetvs5klk .owl-prev:before,#ic_lv1acvfhghbmetvs5klk .owl-next:after{border-color:#5b5b5b; }#ic_lv1acvfhghbmetvs5klk .owl-prev:hover::before,#ic_lv1acvfhghbmetvs5klk .owl-next:hover::after{border-color:#3f3f3f; }#ic_lv1acvfhghbmetvs5klk .owl-dot{ background:#ffffff; border-color:#ecf0f1; }#ic_lv1acvfhghbmetvs5klk .owl-dot.active{ background:#e5312b; border-color:#ecf0f1;}<\/style><script type=\"text\/javascript\" charset=\"utf-8\">\r\n\r\n\t\tjQuery.noConflict();\r\n\t\/\/setup up Carousel\r\n\t\tjQuery(document).ready(function($) {\r\n\t\"use strict\";\r\n\t$(window).load(function(){\r\n\t\t$(\"#ic_lv1acvfhghbmetvs5klk\").owlCarousel({\r\n\t\t\trtl: $(\"body\").hasClass(\"rtl\") ? true : false,\r\n\t\t\tresponsiveClass:true,\r\n\t\t\tcenter:true,\r\n\t\t\tloop:true,\r\n\t\t\tresponsive:{\r\n\t\t\t\t0:{\r\n\t\t\t\t\titems:1,\r\n\t\t\t    },\r\n\t\t\t    780:{\r\n\t\t\t        items:2,\r\n\t\t\t\t},\r\n\t\t\t\t1000:{\r\n\t\t\t\t    items:2,\r\n\t\t\t\t},\r\n\t\t\t},\r\n\t\t\t autoplay:true,\r\n\t\t\t autoplaySpeed: 800,\r\n\t   \t \t dots:true,\r\n\t\r\n\t\t});\r\n\t});\r\n});\r\n\r\n<\/script><div class=\"tt_testimonials_ctn rd_ic_center   \" id=\"ic_lv1acvfhghbmetvs5klk\" style=\"margin-top:50px; margin-bottom:0px;\"><a href=\"https:\/\/www.ambrogi.it\/wp-content\/uploads\/2022\/07\/hornos-para-pizzeria-ambrogi-10.jpg\"  rel=\"prettyPhoto[rel-lv1acvfhghbmetvs5klk]\" ><img decoding=\"async\" class=\"\" src=\"https:\/\/www.ambrogi.it\/wp-content\/uploads\/2022\/07\/hornos-para-pizzeria-ambrogi-10-400x300.jpg\" width=\"400\" height=\"300\" alt=\"hornos para pizzeria ambrogi (10)\" title=\"hornos para pizzeria ambrogi (10)\" loading=\"lazy\" \/><\/a><a href=\"https:\/\/www.ambrogi.it\/wp-content\/uploads\/2022\/07\/hornos-para-pizzeria-ambrogi-2.jpg\"  rel=\"prettyPhoto[rel-lv1acvfhghbmetvs5klk]\" ><img decoding=\"async\" class=\"\" src=\"https:\/\/www.ambrogi.it\/wp-content\/uploads\/2022\/07\/hornos-para-pizzeria-ambrogi-2-400x300.jpg\" width=\"400\" height=\"300\" alt=\"hornos para pizzeria ambrogi (2)\" title=\"hornos para pizzeria ambrogi (2)\" loading=\"lazy\" \/><\/a><a href=\"https:\/\/www.ambrogi.it\/wp-content\/uploads\/2022\/07\/hornos-para-pizzeria-ambrogi-5.jpg\"  rel=\"prettyPhoto[rel-lv1acvfhghbmetvs5klk]\" ><img decoding=\"async\" class=\"\" src=\"https:\/\/www.ambrogi.it\/wp-content\/uploads\/2022\/07\/hornos-para-pizzeria-ambrogi-5-400x300.jpg\" width=\"400\" height=\"300\" alt=\"hornos para pizzeria ambrogi (5)\" title=\"hornos para pizzeria ambrogi (5)\" loading=\"lazy\" \/><\/a><a href=\"https:\/\/www.ambrogi.it\/wp-content\/uploads\/2022\/07\/hornos-para-pizzeria-ambrogi-6.jpg\"  rel=\"prettyPhoto[rel-lv1acvfhghbmetvs5klk]\" ><img decoding=\"async\" class=\"\" src=\"https:\/\/www.ambrogi.it\/wp-content\/uploads\/2022\/07\/hornos-para-pizzeria-ambrogi-6-400x300.jpg\" width=\"400\" height=\"300\" alt=\"hornos para pizzeria ambrogi (6)\" title=\"hornos para pizzeria ambrogi (6)\" loading=\"lazy\" \/><\/a><a href=\"https:\/\/www.ambrogi.it\/wp-content\/uploads\/2022\/07\/hornos-para-pizzeria-ambrogi-3.jpg\"  rel=\"prettyPhoto[rel-lv1acvfhghbmetvs5klk]\" ><img decoding=\"async\" class=\"\" src=\"https:\/\/www.ambrogi.it\/wp-content\/uploads\/2022\/07\/hornos-para-pizzeria-ambrogi-3-400x300.jpg\" width=\"400\" height=\"300\" alt=\"hornos para pizzeria ambrogi (3)\" title=\"hornos para pizzeria ambrogi (3)\" loading=\"lazy\" \/><\/a><a href=\"https:\/\/www.ambrogi.it\/wp-content\/uploads\/2021\/07\/17.jpg\"  rel=\"prettyPhoto[rel-lv1acvfhghbmetvs5klk]\" ><img decoding=\"async\" class=\"\" src=\"https:\/\/www.ambrogi.it\/wp-content\/uploads\/2021\/07\/17-400x300.jpg\" width=\"400\" height=\"300\" alt=\"ovens for pizzeria ambrogi (10)\" title=\"17\" loading=\"lazy\" \/><\/a><a href=\"https:\/\/www.ambrogi.it\/wp-content\/uploads\/2022\/07\/hornos-para-pizzeria-ambrogi-9.jpg\"  rel=\"prettyPhoto[rel-lv1acvfhghbmetvs5klk]\" ><img decoding=\"async\" class=\"\" src=\"https:\/\/www.ambrogi.it\/wp-content\/uploads\/2022\/07\/hornos-para-pizzeria-ambrogi-9-400x300.jpg\" width=\"400\" height=\"300\" alt=\"hornos para pizzeria ambrogi (9)\" title=\"hornos para pizzeria ambrogi (9)\" loading=\"lazy\" \/><\/a><a href=\"https:\/\/www.ambrogi.it\/wp-content\/uploads\/2022\/07\/hornos-para-pizzeria-ambrogi-1-1.jpg\"  rel=\"prettyPhoto[rel-lv1acvfhghbmetvs5klk]\" ><img decoding=\"async\" class=\"\" src=\"https:\/\/www.ambrogi.it\/wp-content\/uploads\/2022\/07\/hornos-para-pizzeria-ambrogi-1-1-400x300.jpg\" width=\"400\" height=\"300\" alt=\"hornos para pizzeria ambrogi (1)\" title=\"hornos para pizzeria ambrogi (1)\" loading=\"lazy\" \/><\/a><a href=\"https:\/\/www.ambrogi.it\/wp-content\/uploads\/2022\/07\/hornos-para-pizzeria-ambrogi-7.jpg\"  rel=\"prettyPhoto[rel-lv1acvfhghbmetvs5klk]\" ><img decoding=\"async\" class=\"\" src=\"https:\/\/www.ambrogi.it\/wp-content\/uploads\/2022\/07\/hornos-para-pizzeria-ambrogi-7-400x300.jpg\" width=\"400\" height=\"300\" alt=\"hornos para pizzeria ambrogi (7)\" title=\"hornos para pizzeria ambrogi (7)\" loading=\"lazy\" \/><\/a><a href=\"https:\/\/www.ambrogi.it\/wp-content\/uploads\/2021\/07\/4.jpg\"  rel=\"prettyPhoto[rel-lv1acvfhghbmetvs5klk]\" ><img decoding=\"async\" class=\"\" src=\"https:\/\/www.ambrogi.it\/wp-content\/uploads\/2021\/07\/4-400x300.jpg\" width=\"400\" height=\"300\" alt=\"ovens for pizzeria ambrogi (10)\" title=\"4\" loading=\"lazy\" \/><\/a><a href=\"https:\/\/www.ambrogi.it\/wp-content\/uploads\/2022\/07\/hornos-para-pizzeria-ambrogi-8.jpg\"  rel=\"prettyPhoto[rel-lv1acvfhghbmetvs5klk]\" ><img decoding=\"async\" class=\"\" src=\"https:\/\/www.ambrogi.it\/wp-content\/uploads\/2022\/07\/hornos-para-pizzeria-ambrogi-8-400x300.jpg\" width=\"400\" height=\"300\" alt=\"hornos para pizzeria ambrogi (8)\" title=\"hornos para pizzeria ambrogi (8)\" loading=\"lazy\" \/><\/a><a href=\"https:\/\/www.ambrogi.it\/wp-content\/uploads\/2021\/07\/43.jpg\"  rel=\"prettyPhoto[rel-lv1acvfhghbmetvs5klk]\" ><img decoding=\"async\" class=\"\" src=\"https:\/\/www.ambrogi.it\/wp-content\/uploads\/2021\/07\/43-400x300.jpg\" width=\"400\" height=\"300\" alt=\"ovens for pizzeria ambrogi (10)\" title=\"43\" loading=\"lazy\" \/><\/a><a href=\"https:\/\/www.ambrogi.it\/wp-content\/uploads\/2021\/07\/36.jpg\"  rel=\"prettyPhoto[rel-lv1acvfhghbmetvs5klk]\" ><img decoding=\"async\" class=\"\" src=\"https:\/\/www.ambrogi.it\/wp-content\/uploads\/2021\/07\/36-400x300.jpg\" width=\"400\" height=\"300\" alt=\"ovens for pizzeria ambrogi (10)\" title=\"36\" loading=\"lazy\" \/><\/a><a href=\"https:\/\/www.ambrogi.it\/wp-content\/uploads\/2021\/07\/24.jpg\"  rel=\"prettyPhoto[rel-lv1acvfhghbmetvs5klk]\" ><img decoding=\"async\" class=\"\" src=\"https:\/\/www.ambrogi.it\/wp-content\/uploads\/2021\/07\/24-400x300.jpg\" width=\"400\" height=\"300\" alt=\"ovens for pizzeria ambrogi (10)\" title=\"24\" loading=\"lazy\" \/><\/a><a href=\"https:\/\/www.ambrogi.it\/wp-content\/uploads\/2021\/07\/25.jpg\"  rel=\"prettyPhoto[rel-lv1acvfhghbmetvs5klk]\" ><img decoding=\"async\" class=\"\" src=\"https:\/\/www.ambrogi.it\/wp-content\/uploads\/2021\/07\/25-400x300.jpg\" width=\"400\" height=\"300\" alt=\"ovens for pizzeria ambrogi (10)\" title=\"25\" loading=\"lazy\" \/><\/a><a href=\"https:\/\/www.ambrogi.it\/wp-content\/uploads\/2021\/07\/26.jpg\"  rel=\"prettyPhoto[rel-lv1acvfhghbmetvs5klk]\" ><img decoding=\"async\" class=\"\" src=\"https:\/\/www.ambrogi.it\/wp-content\/uploads\/2021\/07\/26-400x300.jpg\" width=\"400\" height=\"300\" alt=\"ovens for pizzeria ambrogi (10)\" title=\"26\" loading=\"lazy\" \/><\/a><a href=\"https:\/\/www.ambrogi.it\/wp-content\/uploads\/2021\/07\/30.jpg\"  rel=\"prettyPhoto[rel-lv1acvfhghbmetvs5klk]\" ><img decoding=\"async\" class=\"\" src=\"https:\/\/www.ambrogi.it\/wp-content\/uploads\/2021\/07\/30-400x300.jpg\" width=\"400\" height=\"300\" alt=\"ovens for pizzeria ambrogi (10)\" title=\"30\" loading=\"lazy\" \/><\/a><a href=\"https:\/\/www.ambrogi.it\/wp-content\/uploads\/2021\/07\/22.jpg\"  rel=\"prettyPhoto[rel-lv1acvfhghbmetvs5klk]\" ><img decoding=\"async\" class=\"\" src=\"https:\/\/www.ambrogi.it\/wp-content\/uploads\/2021\/07\/22-400x300.jpg\" width=\"400\" height=\"300\" alt=\"ovens for pizzeria ambrogi (10)\" title=\"22\" loading=\"lazy\" \/><\/a><a href=\"https:\/\/www.ambrogi.it\/wp-content\/uploads\/2021\/07\/21.jpg\"  rel=\"prettyPhoto[rel-lv1acvfhghbmetvs5klk]\" ><img decoding=\"async\" class=\"\" src=\"https:\/\/www.ambrogi.it\/wp-content\/uploads\/2021\/07\/21-400x300.jpg\" width=\"400\" height=\"300\" alt=\"ovens for pizzeria ambrogi (10)\" title=\"21\" loading=\"lazy\" \/><\/a><a href=\"https:\/\/www.ambrogi.it\/wp-content\/uploads\/2021\/07\/20.jpg\"  rel=\"prettyPhoto[rel-lv1acvfhghbmetvs5klk]\" ><img decoding=\"async\" class=\"\" src=\"https:\/\/www.ambrogi.it\/wp-content\/uploads\/2021\/07\/20-400x300.jpg\" width=\"400\" height=\"300\" alt=\"ovens for pizzeria ambrogi (10)\" title=\"20\" loading=\"lazy\" \/><\/a><a href=\"https:\/\/www.ambrogi.it\/wp-content\/uploads\/2021\/07\/12.jpg\"  rel=\"prettyPhoto[rel-lv1acvfhghbmetvs5klk]\" ><img decoding=\"async\" class=\"\" src=\"https:\/\/www.ambrogi.it\/wp-content\/uploads\/2021\/07\/12-400x300.jpg\" width=\"400\" height=\"300\" alt=\"ovens for pizzeria ambrogi (10)\" title=\"12\" loading=\"lazy\" \/><\/a><a href=\"https:\/\/www.ambrogi.it\/wp-content\/uploads\/2021\/07\/1.jpg\"  rel=\"prettyPhoto[rel-lv1acvfhghbmetvs5klk]\" ><img decoding=\"async\" class=\"\" src=\"https:\/\/www.ambrogi.it\/wp-content\/uploads\/2021\/07\/1-400x300.jpg\" width=\"400\" height=\"300\" alt=\"ovens for pizzeria ambrogi (10)\" title=\"1\" loading=\"lazy\" \/><\/a><a href=\"https:\/\/www.ambrogi.it\/wp-content\/uploads\/2021\/07\/2.jpg\"  rel=\"prettyPhoto[rel-lv1acvfhghbmetvs5klk]\" ><img decoding=\"async\" class=\"\" src=\"https:\/\/www.ambrogi.it\/wp-content\/uploads\/2021\/07\/2-400x300.jpg\" width=\"400\" height=\"300\" alt=\"ovens for pizzeria ambrogi (\" title=\"2\" loading=\"lazy\" \/><\/a><a href=\"https:\/\/www.ambrogi.it\/wp-content\/uploads\/2021\/07\/3.jpg\"  rel=\"prettyPhoto[rel-lv1acvfhghbmetvs5klk]\" ><img decoding=\"async\" class=\"\" src=\"https:\/\/www.ambrogi.it\/wp-content\/uploads\/2021\/07\/3-400x300.jpg\" width=\"400\" height=\"300\" alt=\"ovens for pizzeria ambrogi (10)\" title=\"3\" loading=\"lazy\" \/><\/a><a href=\"https:\/\/www.ambrogi.it\/wp-content\/uploads\/2021\/07\/9.jpg\"  rel=\"prettyPhoto[rel-lv1acvfhghbmetvs5klk]\" ><img decoding=\"async\" class=\"\" src=\"https:\/\/www.ambrogi.it\/wp-content\/uploads\/2021\/07\/9-400x300.jpg\" width=\"400\" height=\"300\" alt=\"ovens for pizzeria ambrogi (10)\" title=\"9\" loading=\"lazy\" \/><\/a><a href=\"https:\/\/www.ambrogi.it\/wp-content\/uploads\/2021\/07\/11.jpg\"  rel=\"prettyPhoto[rel-lv1acvfhghbmetvs5klk]\" ><img decoding=\"async\" class=\"\" src=\"https:\/\/www.ambrogi.it\/wp-content\/uploads\/2021\/07\/11-400x300.jpg\" width=\"400\" height=\"300\" alt=\"ovens for pizzeria ambrogi (10)\" title=\"11\" loading=\"lazy\" \/><\/a><\/div>[\/vc_column][vc_column width=\u00bb1\/6&#8243;][\/vc_column][\/vc_row][vc_row][vc_column][vc_custom_heading text=\u00bbMUCHAS PIZZAS, UN HORNO: AMBROGI\u00bb font_container=\u00bbtag:h2|text_align:center\u00bb use_theme_fonts=\u00bbyes\u00bb][vc_column_text]<\/p>\n<p style=\"text-align: center;\">Todos nuestros hornos a le\u00f1a y a gas son aptos para la cocci\u00f3n de pizzas de pizzas napolitanas, pizzas tradicionales, pizzas en bandeja, pizzas por metro y pizzas familias. Adem\u00e1s, muchos otros platos se pueden cocinar en nuestros hornos.<\/p>\n<p>[\/vc_column_text][\/vc_column][\/vc_row][vc_row][vc_column width=\u00bb1\/3&#8243;][vc_video link=\u00bbhttps:\/\/www.youtube.com\/watch?v=WXpIfjZ_xkA\u00bb align=\u00bbcenter\u00bb][\/vc_column][vc_column width=\u00bb1\/3&#8243;][vc_video link=\u00bbhttps:\/\/www.youtube.com\/watch?v=mN-BsiNyBLY\u00bb][\/vc_column][vc_column width=\u00bb1\/3&#8243;][vc_video link=\u00bbhttps:\/\/www.youtube.com\/watch?v=qsSh8PM2ccU\u00bb][\/vc_column][\/vc_row][vc_row][vc_column width=\u00bb1\/3&#8243;][vc_video link=\u00bbhttps:\/\/www.youtube.com\/watch?v=Z3TSLp2Vs08&#8243; align=\u00bbcenter\u00bb][\/vc_column][vc_column width=\u00bb1\/3&#8243;][vc_video link=\u00bbhttps:\/\/www.youtube.com\/watch?v=aSqejyYcJpI\u00bb][\/vc_column][vc_column width=\u00bb1\/3&#8243;][vc_video link=\u00bbhttps:\/\/www.youtube.com\/watch?v=rgdUEE_w7qU\u00bb][\/vc_column][\/vc_row][vc_row css=\u00bb.vc_custom_1626974017710{padding-bottom: 50px !important;}\u00bb][vc_column width=\u00bb1\/3&#8243;][vc_video link=\u00bbhttps:\/\/www.youtube.com\/watch?v=qc8_EtHdINU&amp;feature=youtu.be\u00bb align=\u00bbcenter\u00bb][\/vc_column][vc_column width=\u00bb1\/3&#8243;][vc_video link=\u00bbhttps:\/\/www.youtube.com\/watch?v=sD9rki0vzQk\u00bb][\/vc_column][vc_column width=\u00bb1\/3&#8243;][vc_video link=\u00bbhttps:\/\/www.youtube.com\/watch?v=zpC3Xif_MX4&amp;feature=youtu.be\u00bb][\/vc_column][\/vc_row][vc_row type=\u00bbfull-width-section\u00bb content_placement=\u00bbmiddle\u00bb parallax=\u00bbtt_parallax\u00bb parallax_image=\u00bb7405&#8243; tt_parallax_speed=\u00bb1,2&#8243; css=\u00bb.vc_custom_1620978247833{margin-bottom: 0px !important;padding-top: 20px !important;padding-bottom: 20px !important;background-color: #66222a !important;}\u00bb][vc_column width=\u00bb1\/2&#8243;][vc_column_text]<\/p>\n<h2 style=\"text-align: center; color: #ffffff; font-size: 32px;\">\u00bfNECESITA NUESTRA AYUDA?<\/h2>\n<p>&nbsp;<\/p>\n<p style=\"text-align: center; color: #ffffff; font-size: 26px; line-height: 32px;\">\u00bfNecesitas una cotizaci\u00f3n?<\/p>\n<p style=\"text-align: center; color: #ffffff; font-size: 26px; line-height: 32px;\">\u00bfQuieres informaci\u00f3n adicional?<\/p>\n<p style=\"text-align: center; color: #ffffff; font-size: 26px; line-height: 32px;\">\u00a1Cont\u00e1ctenos!<\/p>\n<p>[\/vc_column_text][\/vc_column][vc_column width=\u00bb1\/2&#8243;][vc_custom_heading text=\u00bbQuieres mas informacion?\u00bb font_container=\u00bbtag:h2|text_align:center|color:%23ffffff\u00bb use_theme_fonts=\u00bbyes\u00bb]<style type=\"text\/css\" >#rd_ob1na6rkz6rsngq8xqmk .wpcf7 input[type=submit]{font-size:14px; font-weight:700; border-radius:5px; padding:9px 20px 10px; letter-spacing: 1.5px; border:2px solid; min-width:230px;}#rd_ob1na6rkz6rsngq8xqmk .wpcf7 input[type=submit]:hover {background:#ffffff; border-color:#ffffff; color:#dd3333 !important;}#rd_ob1na6rkz6rsngq8xqmk .wpcf7 textarea{height:100px;}#rd_ob1na6rkz6rsngq8xqmk .wpcf7 input:not([type=submit]):not([type=checkbox]),#rd_ob1na6rkz6rsngq8xqmk textarea,#rd_ob1na6rkz6rsngq8xqmk .wpcf7 select{border-radius:5px;}#rd_ob1na6rkz6rsngq8xqmk .wpcf7 input:not([type=submit]),#rd_ob1na6rkz6rsngq8xqmk textarea,#rd_ob1na6rkz6rsngq8xqmk .wpcf7 input[type=submit],#rd_ob1na6rkz6rsngq8xqmk .wpcf7 select{margin-top:3px;}#rd_ob1na6rkz6rsngq8xqmk p{margin-bottom:13px;}#rd_ob1na6rkz6rsngq8xqmk .wpcf7 input:not([type=submit]):not([type=checkbox]),#rd_ob1na6rkz6rsngq8xqmk .wpcf7  textarea,#rd_ob1na6rkz6rsngq8xqmk .wpcf7 select{border:1px solid #ecf0f1; background:#ffffff;}#rd_ob1na6rkz6rsngq8xqmk .wpcf7 input[type=submit]{background:#dd3333; color:#ffffff !important;}<\/style><div id=\"rd_ob1na6rkz6rsngq8xqmk\" class=\"\">\n<div class=\"wpcf7 no-js\" id=\"wpcf7-f9223-o1\" lang=\"it-IT\" dir=\"ltr\">\n<div class=\"screen-reader-response\"><p role=\"status\" aria-live=\"polite\" aria-atomic=\"true\"><\/p> <ul><\/ul><\/div>\n<form action=\"\/es\/wp-json\/wp\/v2\/pages\/11653#wpcf7-f9223-o1\" method=\"post\" class=\"wpcf7-form init\" aria-label=\"Modulo di contatto\" novalidate=\"novalidate\" data-status=\"init\">\n<div style=\"display: none;\">\n<input type=\"hidden\" name=\"_wpcf7\" value=\"9223\" \/>\n<input type=\"hidden\" name=\"_wpcf7_version\" value=\"5.8.6\" \/>\n<input type=\"hidden\" name=\"_wpcf7_locale\" value=\"it_IT\" \/>\n<input type=\"hidden\" name=\"_wpcf7_unit_tag\" value=\"wpcf7-f9223-o1\" \/>\n<input type=\"hidden\" name=\"_wpcf7_container_post\" value=\"0\" \/>\n<input type=\"hidden\" name=\"_wpcf7_posted_data_hash\" value=\"\" \/>\n<input type=\"hidden\" name=\"_cf7a__timestamp\" value=\"qfCbhYeWlLOlT3TjqP0zdA==\" \/>\n<input type=\"hidden\" name=\"_cf7a_version\" value=\"1.0\" \/>\n<input type=\"hidden\" name=\"_cf7a_address\" value=\"\" \/>\n<input type=\"hidden\" name=\"_cf7a_referer\" value=\"\" \/>\n<input type=\"hidden\" name=\"_cf7a_protocol\" value=\"\" \/>\n<\/div>\n<div style=\"text-align:center;\">\n\t<p><span class=\"wpcf7-form-control-wrap\" data-name=\"your-name\"><input type=\"text\" name=\"name\" value=\"\" autocomplete=\"fill\" class=\"fit-the-fullspace\" aria-hidden=\"true\" tabindex=\"-1\" \/><input size=\"40\" class=\"wpcf7-form-control wpcf7-text wpcf7-validates-as-required\" aria-required=\"true\" aria-invalid=\"false\" placeholder=\"Nombre y Apellido\/Empresa\" value=\"\" type=\"text\" name=\"your-name\" \/><\/span>\n\t<\/p>\n\t<p><span class=\"wpcf7-form-control-wrap\" data-name=\"your-phone\"><input type=\"text\" name=\"email\" value=\"\" autocomplete=\"fill\" class=\"fit-the-fullspace\" aria-hidden=\"true\" tabindex=\"-1\" \/><input size=\"40\" class=\"wpcf7-form-control wpcf7-text wpcf7-validates-as-required\" aria-required=\"true\" aria-invalid=\"false\" placeholder=\"Numero de Telefono\" value=\"\" type=\"text\" name=\"your-phone\" \/><\/span>\n\t<\/p>\n\t<p><span class=\"wpcf7-form-control-wrap\" data-name=\"your-email\"><input size=\"40\" class=\"wpcf7-form-control wpcf7-email wpcf7-validates-as-required wpcf7-text wpcf7-validates-as-email\" aria-required=\"true\" aria-invalid=\"false\" placeholder=\"E-Mail\" value=\"\" type=\"email\" name=\"your-email\" \/><\/span>\n\t<\/p>\n\t<p><span class=\"wpcf7-form-control-wrap\" data-name=\"your-city\"><input type=\"text\" name=\"zip\" value=\"\" autocomplete=\"fill\" class=\"fit-the-fullspace\" aria-hidden=\"true\" tabindex=\"-1\" \/><input size=\"40\" class=\"wpcf7-form-control wpcf7-text wpcf7-validates-as-required\" aria-required=\"true\" aria-invalid=\"false\" placeholder=\"Ciudad\" value=\"\" type=\"text\" name=\"your-city\" \/><\/span>\n\t<\/p>\n\t<p style=\"color:#ffffff; font-size:20px;\"><span class=\"wpcf7-form-control-wrap\" data-name=\"tipologia-forno\"><span class=\"wpcf7-form-control wpcf7-radio\"><span class=\"wpcf7-list-item first\"><label><input type=\"radio\" name=\"tipologia-forno\" value=\"Uso profesional\" checked=\"checked\" \/><span class=\"wpcf7-list-item-label\">Uso profesional<\/span><\/label><\/span><span class=\"wpcf7-list-item last\"><label><input type=\"radio\" name=\"tipologia-forno\" value=\"Uso dom\u00e9stico\" \/><span class=\"wpcf7-list-item-label\">Uso dom\u00e9stico<\/span><\/label><\/span><\/span><\/span>\n\t<\/p>\n\t<p><span class=\"wpcf7-form-control-wrap\" data-name=\"your-message\"><textarea cols=\"40\" rows=\"10\" class=\"wpcf7-form-control wpcf7-textarea\" aria-invalid=\"false\" placeholder=\"Mensaje\" name=\"your-message\"><\/textarea><\/span>\n\t<\/p>\n\t<p style=\"color:#ffffff\"><span class=\"wpcf7-form-control-wrap\" data-name=\"acceptance-197\"><span class=\"wpcf7-form-control wpcf7-acceptance\"><span class=\"wpcf7-list-item\"><label><input type=\"checkbox\" name=\"acceptance-197\" value=\"1\" aria-invalid=\"false\" \/><span class=\"wpcf7-list-item-label\">Doy mi consentimiento para el procesamiento de mis datos personales de acuerdo con la informaci\u00f3n tomada de conformidad con el art. 13 del Reglamento de la UE 2016\/679.<\/span><\/label><\/span><\/span><\/span>\n\t<\/p>\n\t<p><input class=\"wpcf7-form-control wpcf7-submit has-spinner\" type=\"submit\" value=\"Enviar\" \/>\n\t<\/p>\n<\/div><div class=\"wpcf7-response-output\" aria-hidden=\"true\"><\/div>\n<\/form>\n<\/div>\n<\/div>[\/vc_column][\/vc_row]<\/p>\n<\/div>","protected":false},"excerpt":{"rendered":"<p>[vc_row type=\u00bbfull-width-section\u00bb css=\u00bb.vc_custom_1717001209095{padding-top: 140px !important;padding-bottom: 140px !important;background-image: url(https:\/\/www.ambrogi.it\/wp-content\/uploads\/2023\/10\/header-napoli-elite.jpg?id=17178) !important;}\u00bb el_class=\u00bbtitle_row\u00bb][vc_column width=\u00bb1\/2&#8243;][vc_custom_heading text=\u00bbGALER\u00cdA\u00bb font_container=\u00bbtag:div|font_size:65|text_align:left|color:%23ffffff\u00bb google_fonts=\u00bbfont_family:Muli%3A300%2C300italic%2Cregular%2Citalic|font_style:400%20regular%3A400%3Anormal\u00bb][\/vc_column][vc_column width=\u00bb1\/2&#8243;][\/vc_column][\/vc_row][vc_row][vc_column][vc_custom_heading text=\u00bbNUESTROS HORNOS EN EL MUNDO\u00bb font_container=\u00bbtag:h2|text_align:center\u00bb use_theme_fonts=\u00bbyes\u00bb][vc_column_text] Los hornos Ambrogi son un s\u00edmbolo de la tradici\u00f3n italiana, atentos a la calidad de los materiales y la est\u00e9tica. Nuestros hornos profesionales de le\u00f1a y gas est\u00e1n presentes en todo el mundo.<br \/><a href=\"https:\/\/www.ambrogi.it\/es\/galeria-hornos-para-pizzeria\/\" class=\"more\">Leyes<\/a><\/p>\n","protected":false},"author":1,"featured_media":11656,"parent":0,"menu_order":430,"comment_status":"closed","ping_status":"closed","template":"","meta":{"footnotes":""},"_links":{"self":[{"href":"https:\/\/www.ambrogi.it\/es\/wp-json\/wp\/v2\/pages\/11653"}],"collection":[{"href":"https:\/\/www.ambrogi.it\/es\/wp-json\/wp\/v2\/pages"}],"about":[{"href":"https:\/\/www.ambrogi.it\/es\/wp-json\/wp\/v2\/types\/page"}],"author":[{"embeddable":true,"href":"https:\/\/www.ambrogi.it\/es\/wp-json\/wp\/v2\/users\/1"}],"replies":[{"embeddable":true,"href":"https:\/\/www.ambrogi.it\/es\/wp-json\/wp\/v2\/comments?post=11653"}],"version-history":[{"count":7,"href":"https:\/\/www.ambrogi.it\/es\/wp-json\/wp\/v2\/pages\/11653\/revisions"}],"predecessor-version":[{"id":17852,"href":"https:\/\/www.ambrogi.it\/es\/wp-json\/wp\/v2\/pages\/11653\/revisions\/17852"}],"wp:featuredmedia":[{"embeddable":true,"href":"https:\/\/www.ambrogi.it\/es\/wp-json\/wp\/v2\/media\/11656"}],"wp:attachment":[{"href":"https:\/\/www.ambrogi.it\/es\/wp-json\/wp\/v2\/media?parent=11653"}],"curies":[{"name":"wp","href":"https:\/\/api.w.org\/{rel}","templated":true}]}}