{"id":9341,"date":"2021-04-29T11:07:56","date_gmt":"2021-04-29T09:07:56","guid":{"rendered":"https:\/\/www.ambrogi.it\/chi-siamo\/"},"modified":"2024-05-28T15:49:56","modified_gmt":"2024-05-28T13:49:56","slug":"quienes-somos","status":"publish","type":"page","link":"https:\/\/www.ambrogi.it\/es\/quienes-somos\/","title":{"rendered":"Nuestra Historia"},"content":{"rendered":"<div class=\"wpb-content-wrapper\"><p>[vc_row type=\u00bbfull-width-section\u00bb css=\u00bb.vc_custom_1715356877120{padding-top: 140px !important;padding-bottom: 140px !important;background-image: url(https:\/\/www.ambrogi.it\/wp-content\/uploads\/2023\/10\/header-napoli-elite.jpg?id=17178) !important;}\u00bb el_class=\u00bbtitle_row\u00bb][vc_column][vc_custom_heading text=\u00bbNUESTRA HISTORIA\u00bb font_container=\u00bbtag:h1|font_size:55|text_align:left|color:%23ffffff|line_height:1&#8243; use_theme_fonts=\u00bbyes\u00bb][\/vc_column][\/vc_row][vc_row][vc_column][vc_column_text]<\/p>\n<div class=\"template-page content av-content-full alpha units\">\n<div class=\"post-entry post-entry-type-page post-entry-7729\">\n<div class=\"entry-content-wrapper clearfix\">\n<div class=\"flex_column av_one_full flex_column_div av-zero-column-padding first avia-builder-el-3 el_after_av_section el_before_av_one_full avia-builder-el-first \">\n<section class=\"av_textblock_section \">\n<div class=\"avia_textblock \">\n<p>Cuando en el ya lejano 1939, Primo Ambrogi, experto en humos fabric\u00f3 su primer horno a le\u00f1a para pizzas en un renombrado restaurante de Mil\u00e1n, no imaginaba futuro de este nuevo trabajo.<\/p>\n<p>Del mismo modo, a\u00f1os despu\u00e9s sus sucesores, con un modelo de horno ya ensamblado, ideado simplemente para satisfacer a la clientela m\u00e1s lejana, no pensaban que estaba naciendo un mercado que ser\u00eda famoso en todo el mundo.<\/p>\n<p>Gracias a la selecci\u00f3n de los materiales, a la forma de la c\u00e1mara de cocci\u00f3n, a la larga experiencia y al boca a boca de nuestra clientela satisfecha, \u201cAmbrogi\u201d ha llegado hoy en d\u00eda a la tercera generaci\u00f3n y sus hornos a le\u00f1a y gas para pizzer\u00edas son cada vez m\u00e1s conocidos tanto en Italia como en el exterior.<\/p>\n<\/div>\n<\/section>\n<\/div>\n<\/div>\n<\/div>\n<\/div>\n<p>[\/vc_column_text][\/vc_column][\/vc_row][vc_row][vc_column][vc_custom_heading text=\u00bbLA HISTORIA DE NUESTRA MARCA\u00bb font_container=\u00bbtag:h2|font_size:30|text_align:center\u00bb use_theme_fonts=\u00bbyes\u00bb]<style type=\"text\/css\" >#l_nplajmew648a4ouzu7sx{width:276px;}#l_nplajmew648a4ouzu7sx.sc_line ,#l_nplajmew648a4ouzu7sx .sc_line { height:1px; background:#dd3333;}#l_nplajmew648a4ouzu7sx.sc_line ,#l_nplajmew648a4ouzu7sx .sc_line{margin-left:auto!important; margin-right:auto!important;}#l_nplajmew648a4ouzu7sx {margin:0px 0 0px 0; padding:0;}<\/style><div class=\"clearfix\"><\/div><div id=\"l_nplajmew648a4ouzu7sx\"  class=\"sc_line rd_line_normal\" ><\/div>[vc_empty_space height=\u00bb64px\u00bb][vc_row_inner][vc_column_inner width=\u00bb1\/2&#8243;][vc_column_text]<\/p>\n<h4>El Nacimiento<\/h4>\n<p>En los a\u00f1os treinta, en el centro de Mil\u00e1n, Primo Ambrogi subentra a la vieja empresa Carlo Bossi, ya especializada en todos los trabajos relacionados con el humo, a\u00f1adiendo sus competencias en el trabajo de los materiales refractarios y de la carpinter\u00eda met\u00e1lica, funda as\u00ed la empresa Ambrogi.<br \/>\nConsiderando sus capacidades t\u00e9cnicas, en 1939 el titular de un restaurante famoso y muy c\u00e9ntrico en Mil\u00e1n, se dirige a Primo Ambrogi para construir el horno a le\u00f1a de su local. Fue el primer \u00e9xito en este sector.<\/p>\n<h4>Los a\u00f1os 50 y 60<\/h4>\n<p>Al inicio de los a\u00f1os sesenta, no obstante la prematura desaparici\u00f3n del titular, los j\u00f3venes hijos Franco y Pieremilio Ambrogi continuaron la actividad en el humo, especializ\u00e1ndose al mismo tiempo en la construci\u00f3n de hornos a le\u00f1a para la cocci\u00f3n de pizzas, aceptando con gran entusiasmo las nuevas exigencias. Viendo el \u00f3ptimo resultado, prosiguieron con optimismo por este camino haci\u00e9ndola la principal actividad.<\/p>\n<p>Entonces se trataba de un trabajo nuevo para el Norte de Italia y en breve tiempo se difundi\u00f3 tambi\u00e9n por Europa (en los a\u00f1os cincuenta fueron fabricados por la empresa Ambrogi los primeros hornos en absoluto para Suiza, Alemania, etc.). En el curso de los a\u00f1os el nombre de la empresa fue conocido y reconocido por muchas personas en todo el mundo convirti\u00e9ndose en sin\u00f3nimo de calidad.[\/vc_column_text][\/vc_column_inner][vc_column_inner width=\u00bb1\/2&#8243;][vc_column_text]En el curso de los a\u00f1os el nombre de la empresa fue conocido y reconocido por muchas personas en todo el mundo convirti\u00e9ndose en sin\u00f3nimo de calidad.<\/p>\n<p>Cuando todav\u00eda era estudiante de mec\u00e1nica y continuando la construcci\u00f3n tradicional de los hornos con c\u00fapulas de ladrillos, entre los a\u00f1os cincuenta y sesenta. el joven Franco Ambrogi ide\u00f3 el primer horno con estructura met\u00e1lica prefabricada.<br \/>\nSeguidamente se dise\u00f1\u00f3 y se perfeccion\u00f3 el nuevo sistema para la construcci\u00f3n de la c\u00e1mara de cocci\u00f3n en manufacturas prefabricadas de hormig\u00f3n refractario. A\u00fan manteniendo las cualidades de la c\u00fapula de ladrillos, el hormig\u00f3n refractario permite evitar errores en la construcci\u00f3n, dar formas particulares y hacer el todo m\u00e1s duradero en el tiempo.<\/p>\n<p>La inicial y espor\u00e1dica demanda de este producto innovador en poco tiempo se volvi\u00f3 muy numerosa. En pocos a\u00f1os se convirti\u00f3 en uno de los modelos m\u00e1s solicitados y abri\u00f3 el camino para un nuevo concepto de horno, tanto es as\u00ed que varios otros fabricantes renovaron su sistema de trabajo sustituyendo los monobloques prefabricados con el ladrillo sobre ladrillo.[\/vc_column_text][\/vc_column_inner][\/vc_row_inner][\/vc_column][\/vc_row][vc_row content_placement=\u00bbmiddle\u00bb css=\u00bb.vc_custom_1628620106723{background-image: url(https:\/\/www.ambrogi.it\/wp-content\/uploads\/2021\/08\/ambrogi-storia-azienda-e1622021503227-3.jpeg?id=9344) !important;}\u00bb][vc_column][vc_empty_space height=\u00bb350px\u00bb][\/vc_column][\/vc_row][vc_row][vc_column][vc_row_inner][vc_column_inner width=\u00bb1\/2&#8243;][vc_column_text]<\/p>\n<h4>El modelo MEC 80 y los a\u00f1os 70.<\/h4>\n<p>A finales de los a\u00f1os setenta, una vez m\u00e1s Ambrogi revolucion\u00f3 el mercado con el modello MEC 80, nombre que se inspira en Mercado Com\u00fan Europeo. El dise\u00f1o prev\u00e9 que se trate de un horno a le\u00f1a premontado, listo para ser enviado e instalado en el lugar sin la ayuda de mano de obra especializada. En pr\u00e1ctica, Ambrogi puede considerarse creadora del mercado a nivel mundial de este particular equipo para la restauraci\u00f3n.<\/p>\n<p>Ambrogi se tranfiri\u00f3 hace a\u00f1os a las puertas de Mil\u00e1n donde ha llegado a la tercera generaci\u00f3n con Luciano e Giada.<br \/>\nEn la empresa se efect\u00faan todos los trabajos necesarios para la construcci\u00f3n de los hornos, de la carpinter\u00eda met\u00e1lica a la formaci\u00f3n y ensamblaje de los hornos, al trabajo de los materiales refractarios, de contrucci\u00f3n, etc. Adem\u00e1s, nuestros t\u00e9cnicos, altamente especializados se ocupan de la instalaci\u00f3n y puesta en obra del producto acabado en los restaurantes y pizzer\u00edas.<\/p>\n<p>Quedando como una actividad artesanal y trabajando con la misma pasi\u00f3n de entonces, la producci\u00f3n es constantemente mejorada aportando siempre nuevas medidas t\u00e9cnicas a los productos, de modo que en tantos a\u00f1os de actividad se ha ampliado constantemente la estima y la confianza de la clientela nacional e internacional.<\/p>\n<p>En tantos a\u00f1os de actividad, la estima y la confianza de la clientela nacional e internacional ha ido ampli\u00e1ndose constantemente premiando nuestros esfuerzos y sacrificios para producir y dar al cliente el mejor producto posible.[\/vc_column_text][\/vc_column_inner][vc_column_inner width=\u00bb1\/2&#8243;][vc_column_text]<\/p>\n<h4>Hoy en d\u00eda<\/h4>\n<p>En 2019 Ambrogi forni cumple 80 a\u00f1os de actividades y desde el inicio hasta hoy ha seguido especializ\u00e1ndose llegando a ostentar una inigualable experiencia, alt\u00edsima competencia y tradici\u00f3n italiana, Fabbricato in Italia al 100%.<br \/>\nLa innovaci\u00f3n continua en nuestros procesos de construci\u00f3n y la atenci\u00f3n hacia las exigencias del cliente, hacen que nuestro nombre sea siempre sin\u00f3nimo de fiabilidad y competividad.<br \/>\nAmbrogi produce hornos de le\u00f1a y de gas con elevados est\u00e1ndares de calidad que permiten al cliente trabajar f\u00e1cilmente y con consumos muy bajos.<br \/>\nEsto se consigue desarrollando en primera persona todo el proceso productivo del horno y utilizando desde siempre material refractario de \u00f3ptima calidad, que garantiza un rendimiento superior en la fase de cocci\u00f3n, optimizzando las prestaciones y reduciendo los costos de energ\u00eda.<br \/>\nNos servimos de personal cualificado en todos los sectores para lograr que el nombre Ambrogi sea siempre l\u00edder en la producci\u00f3n de hornos profesionales para pizzer\u00edas y restaurantes. Adem\u00e1s, en la familia Ambrogi todos se ocupan personalmente de cuidar el dise\u00f1o, la producci\u00f3n artesanal y el montaje de los hornos. Las fases de venta y asistencia posventa tambi\u00e9n son seguidas con particular atenci\u00f3n.[\/vc_column_text][\/vc_column_inner][\/vc_row_inner][\/vc_column][\/vc_row]<\/p>\n<\/div>","protected":false},"excerpt":{"rendered":"<p>[vc_row type=\u00bbfull-width-section\u00bb css=\u00bb.vc_custom_1715356877120{padding-top: 140px !important;padding-bottom: 140px !important;background-image: url(https:\/\/www.ambrogi.it\/wp-content\/uploads\/2023\/10\/header-napoli-elite.jpg?id=17178) !important;}\u00bb el_class=\u00bbtitle_row\u00bb][vc_column][vc_custom_heading text=\u00bbNUESTRA HISTORIA\u00bb font_container=\u00bbtag:h1|font_size:55|text_align:left|color:%23ffffff|line_height:1&#8243; use_theme_fonts=\u00bbyes\u00bb][\/vc_column][\/vc_row][vc_row][vc_column][vc_column_text] Cuando en el ya lejano 1939, Primo Ambrogi, experto en humos fabric\u00f3 su primer horno a le\u00f1a para pizzas en un renombrado restaurante de Mil\u00e1n, no imaginaba futuro de este nuevo trabajo. Del mismo modo, a\u00f1os despu\u00e9s sus sucesores, con un<br \/><a href=\"https:\/\/www.ambrogi.it\/es\/quienes-somos\/\" class=\"more\">Leyes<\/a><\/p>\n","protected":false},"author":1,"featured_media":9344,"parent":0,"menu_order":500,"comment_status":"closed","ping_status":"closed","template":"","meta":{"footnotes":""},"_links":{"self":[{"href":"https:\/\/www.ambrogi.it\/es\/wp-json\/wp\/v2\/pages\/9341"}],"collection":[{"href":"https:\/\/www.ambrogi.it\/es\/wp-json\/wp\/v2\/pages"}],"about":[{"href":"https:\/\/www.ambrogi.it\/es\/wp-json\/wp\/v2\/types\/page"}],"author":[{"embeddable":true,"href":"https:\/\/www.ambrogi.it\/es\/wp-json\/wp\/v2\/users\/1"}],"replies":[{"embeddable":true,"href":"https:\/\/www.ambrogi.it\/es\/wp-json\/wp\/v2\/comments?post=9341"}],"version-history":[{"count":7,"href":"https:\/\/www.ambrogi.it\/es\/wp-json\/wp\/v2\/pages\/9341\/revisions"}],"predecessor-version":[{"id":9348,"href":"https:\/\/www.ambrogi.it\/es\/wp-json\/wp\/v2\/pages\/9341\/revisions\/9348"}],"wp:featuredmedia":[{"embeddable":true,"href":"https:\/\/www.ambrogi.it\/es\/wp-json\/wp\/v2\/media\/9344"}],"wp:attachment":[{"href":"https:\/\/www.ambrogi.it\/es\/wp-json\/wp\/v2\/media?parent=9341"}],"curies":[{"name":"wp","href":"https:\/\/api.w.org\/{rel}","templated":true}]}}