{"id":11645,"date":"2021-04-29T11:08:13","date_gmt":"2021-04-29T09:08:13","guid":{"rendered":"https:\/\/www.ambrogi.it\/galleria-forni-per-pizzeria\/"},"modified":"2024-05-29T18:46:19","modified_gmt":"2024-05-29T16:46:19","slug":"galerie-fours-pour-pizzeria","status":"publish","type":"page","link":"https:\/\/www.ambrogi.it\/fr\/galerie-fours-pour-pizzeria\/","title":{"rendered":"Galerie"},"content":{"rendered":"<div class=\"wpb-content-wrapper\"><p>[vc_row type=\u00a0\u00bbfull-width-section\u00a0\u00bb css=\u00a0\u00bb.vc_custom_1717001178885{padding-top: 140px !important;padding-bottom: 140px !important;background-image: url(https:\/\/www.ambrogi.it\/wp-content\/uploads\/2023\/10\/header-napoli-elite.jpg?id=17177) !important;}\u00a0\u00bb el_class=\u00a0\u00bbtitle_row\u00a0\u00bb][vc_column width=\u00a0\u00bb1\/2&Prime;][vc_custom_heading text=\u00a0\u00bbGALERIE\u00a0\u00bb font_container=\u00a0\u00bbtag:div|font_size:65|text_align:left|color:%23ffffff\u00a0\u00bb google_fonts=\u00a0\u00bbfont_family:Muli%3A300%2C300italic%2Cregular%2Citalic|font_style:400%20regular%3A400%3Anormal\u00a0\u00bb][\/vc_column][vc_column width=\u00a0\u00bb1\/2&Prime;][\/vc_column][\/vc_row][vc_row][vc_column][vc_custom_heading text=\u00a0\u00bbNOS FOURS DANS LE MONDE\u00a0\u00bb font_container=\u00a0\u00bbtag:h2|text_align:center\u00a0\u00bb use_theme_fonts=\u00a0\u00bbyes\u00a0\u00bb][vc_column_text]<\/p>\n<p style=\"text-align: center;\">Les fours Ambrogi sont symbole de la tradition italienne, attentifs \u00e0 la qualit\u00e9 des mat\u00e9riaux et \u00e0 l\u2019esth\u00e9tique.Nos fours \u00e0 bois et \u00e0 gaz professionnels sont install\u00e9s dans le monde entier. L\u2019image du restaurant et son succ\u00e8s sont li\u00e9s au style et \u00e0 la qualit\u00e9 du four. L\u2019incomparable design des fours Ambrogi bien s\u2019adapte \u00e0 tout les environnements, du plus classique au plus moderne.\u00a0 Tous les fours peuvent \u00eatre bien install\u00e9\u00a0 dans les meubles neufs ou pr\u00e9existants.<\/p>\n<p>[\/vc_column_text][\/vc_column][\/vc_row][vc_row][vc_column width=\u00a0\u00bb1\/6&Prime;][\/vc_column][vc_column width=\u00a0\u00bb2\/3&Prime;]<style type=\"text\/css\" >#ic_ib6x38rs4lxcuqjl6wdi {margin:50px auto 0px; }#ic_ib6x38rs4lxcuqjl6wdi .owl-prev,#ic_ib6x38rs4lxcuqjl6wdi .owl-next{border-color:#ecf0f1; background:#ffffff; color:#5b5b5b; }#ic_ib6x38rs4lxcuqjl6wdi .owl-prev:hover,#ic_ib6x38rs4lxcuqjl6wdi .owl-next:hover{background:#f9fafb; color:#3f3f3f; }#ic_ib6x38rs4lxcuqjl6wdi .owl-prev:before,#ic_ib6x38rs4lxcuqjl6wdi .owl-next:after{border-color:#5b5b5b; }#ic_ib6x38rs4lxcuqjl6wdi .owl-prev:hover::before,#ic_ib6x38rs4lxcuqjl6wdi .owl-next:hover::after{border-color:#3f3f3f; }#ic_ib6x38rs4lxcuqjl6wdi .owl-dot{ background:#ffffff; border-color:#ecf0f1; }#ic_ib6x38rs4lxcuqjl6wdi .owl-dot.active{ background:#e5312b; border-color:#ecf0f1;}<\/style><script type=\"text\/javascript\" charset=\"utf-8\">\r\n\r\n\t\tjQuery.noConflict();\r\n\t\/\/setup up Carousel\r\n\t\tjQuery(document).ready(function($) {\r\n\t\"use strict\";\r\n\t$(window).load(function(){\r\n\t\t$(\"#ic_ib6x38rs4lxcuqjl6wdi\").owlCarousel({\r\n\t\t\trtl: $(\"body\").hasClass(\"rtl\") ? true : false,\r\n\t\t\tresponsiveClass:true,\r\n\t\t\tcenter:true,\r\n\t\t\tloop:true,\r\n\t\t\tresponsive:{\r\n\t\t\t\t0:{\r\n\t\t\t\t\titems:1,\r\n\t\t\t    },\r\n\t\t\t    780:{\r\n\t\t\t        items:2,\r\n\t\t\t\t},\r\n\t\t\t\t1000:{\r\n\t\t\t\t    items:2,\r\n\t\t\t\t},\r\n\t\t\t},\r\n\t\t\t autoplay:true,\r\n\t\t\t autoplaySpeed: 800,\r\n\t   \t \t dots:true,\r\n\t\r\n\t\t});\r\n\t});\r\n});\r\n\r\n<\/script><div class=\"tt_testimonials_ctn rd_ic_center   \" id=\"ic_ib6x38rs4lxcuqjl6wdi\" style=\"margin-top:50px; margin-bottom:0px;\"><a href=\"https:\/\/www.ambrogi.it\/wp-content\/uploads\/2022\/07\/fours-pour-pizzeria-ambrogi-10.jpg\"  rel=\"prettyPhoto[rel-ib6x38rs4lxcuqjl6wdi]\" ><img decoding=\"async\" class=\"\" src=\"https:\/\/www.ambrogi.it\/wp-content\/uploads\/2022\/07\/fours-pour-pizzeria-ambrogi-10-400x300.jpg\" width=\"400\" height=\"300\" alt=\"fours pour pizzeria ambrogi (10)\" title=\"fours pour pizzeria ambrogi (10)\" loading=\"lazy\" \/><\/a><a href=\"https:\/\/www.ambrogi.it\/wp-content\/uploads\/2022\/07\/fours-pour-pizzeria-ambrogi-2.jpg\"  rel=\"prettyPhoto[rel-ib6x38rs4lxcuqjl6wdi]\" ><img decoding=\"async\" class=\"\" src=\"https:\/\/www.ambrogi.it\/wp-content\/uploads\/2022\/07\/fours-pour-pizzeria-ambrogi-2-400x300.jpg\" width=\"400\" height=\"300\" alt=\"fours pour pizzeria ambrogi (2)\" title=\"fours pour pizzeria ambrogi (2)\" loading=\"lazy\" \/><\/a><a href=\"https:\/\/www.ambrogi.it\/wp-content\/uploads\/2022\/07\/fours-pour-pizzeria-ambrogi-5.jpg\"  rel=\"prettyPhoto[rel-ib6x38rs4lxcuqjl6wdi]\" ><img decoding=\"async\" class=\"\" src=\"https:\/\/www.ambrogi.it\/wp-content\/uploads\/2022\/07\/fours-pour-pizzeria-ambrogi-5-400x300.jpg\" width=\"400\" height=\"300\" alt=\"fours pour pizzeria ambrogi (5)\" title=\"fours pour pizzeria ambrogi (5)\" loading=\"lazy\" \/><\/a><a href=\"https:\/\/www.ambrogi.it\/wp-content\/uploads\/2022\/07\/fours-pour-pizzeria-ambrogi-6.jpg\"  rel=\"prettyPhoto[rel-ib6x38rs4lxcuqjl6wdi]\" ><img decoding=\"async\" class=\"\" src=\"https:\/\/www.ambrogi.it\/wp-content\/uploads\/2022\/07\/fours-pour-pizzeria-ambrogi-6-400x300.jpg\" width=\"400\" height=\"300\" alt=\"fours pour pizzeria ambrogi (6)\" title=\"fours pour pizzeria ambrogi (6)\" loading=\"lazy\" \/><\/a><a href=\"https:\/\/www.ambrogi.it\/wp-content\/uploads\/2022\/07\/fours-pour-pizzeria-ambrogi-3.jpg\"  rel=\"prettyPhoto[rel-ib6x38rs4lxcuqjl6wdi]\" ><img decoding=\"async\" class=\"\" src=\"https:\/\/www.ambrogi.it\/wp-content\/uploads\/2022\/07\/fours-pour-pizzeria-ambrogi-3-400x300.jpg\" width=\"400\" height=\"300\" alt=\"fours pour pizzeria ambrogi (3)\" title=\"fours pour pizzeria ambrogi (3)\" loading=\"lazy\" \/><\/a><a href=\"https:\/\/www.ambrogi.it\/wp-content\/uploads\/2021\/07\/17.jpg\"  rel=\"prettyPhoto[rel-ib6x38rs4lxcuqjl6wdi]\" ><img decoding=\"async\" class=\"\" src=\"https:\/\/www.ambrogi.it\/wp-content\/uploads\/2021\/07\/17-400x300.jpg\" width=\"400\" height=\"300\" alt=\"ovens for pizzeria ambrogi (10)\" title=\"17\" loading=\"lazy\" \/><\/a><a href=\"https:\/\/www.ambrogi.it\/wp-content\/uploads\/2022\/07\/fours-pour-pizzeria-ambrogi-9.jpg\"  rel=\"prettyPhoto[rel-ib6x38rs4lxcuqjl6wdi]\" ><img decoding=\"async\" class=\"\" src=\"https:\/\/www.ambrogi.it\/wp-content\/uploads\/2022\/07\/fours-pour-pizzeria-ambrogi-9-400x300.jpg\" width=\"400\" height=\"300\" alt=\"fours pour pizzeria ambrogi (9)\" title=\"fours pour pizzeria ambrogi (9)\" loading=\"lazy\" \/><\/a><a href=\"https:\/\/www.ambrogi.it\/wp-content\/uploads\/2022\/07\/fours-pour-pizzeria-ambrogi-1-1.jpg\"  rel=\"prettyPhoto[rel-ib6x38rs4lxcuqjl6wdi]\" ><img decoding=\"async\" class=\"\" src=\"https:\/\/www.ambrogi.it\/wp-content\/uploads\/2022\/07\/fours-pour-pizzeria-ambrogi-1-1-400x300.jpg\" width=\"400\" height=\"300\" alt=\"fours pour pizzeria ambrogi (1)\" title=\"fours pour pizzeria ambrogi (1)\" loading=\"lazy\" \/><\/a><a href=\"https:\/\/www.ambrogi.it\/wp-content\/uploads\/2022\/07\/fours-pour-pizzeria-ambrogi-7.jpg\"  rel=\"prettyPhoto[rel-ib6x38rs4lxcuqjl6wdi]\" ><img decoding=\"async\" class=\"\" src=\"https:\/\/www.ambrogi.it\/wp-content\/uploads\/2022\/07\/fours-pour-pizzeria-ambrogi-7-400x300.jpg\" width=\"400\" height=\"300\" alt=\"fours pour pizzeria ambrogi (7)\" title=\"fours pour pizzeria ambrogi (7)\" loading=\"lazy\" \/><\/a><a href=\"https:\/\/www.ambrogi.it\/wp-content\/uploads\/2022\/07\/fours-pour-pizzeria-ambrogi-1.jpg\"  rel=\"prettyPhoto[rel-ib6x38rs4lxcuqjl6wdi]\" ><img decoding=\"async\" class=\"\" src=\"https:\/\/www.ambrogi.it\/wp-content\/uploads\/2022\/07\/fours-pour-pizzeria-ambrogi-1-400x300.jpg\" width=\"400\" height=\"300\" alt=\"fours pour pizzeria ambrogi (1)\" title=\"fours pour pizzeria ambrogi (1)\" loading=\"lazy\" \/><\/a><a href=\"https:\/\/www.ambrogi.it\/wp-content\/uploads\/2022\/07\/fours-pour-pizzeria-ambrogi-8.jpg\"  rel=\"prettyPhoto[rel-ib6x38rs4lxcuqjl6wdi]\" ><img decoding=\"async\" class=\"\" src=\"https:\/\/www.ambrogi.it\/wp-content\/uploads\/2022\/07\/fours-pour-pizzeria-ambrogi-8-400x300.jpg\" width=\"400\" height=\"300\" alt=\"fours pour pizzeria ambrogi (8)\" title=\"fours pour pizzeria ambrogi (8)\" loading=\"lazy\" \/><\/a><a href=\"https:\/\/www.ambrogi.it\/wp-content\/uploads\/2021\/07\/43.jpg\"  rel=\"prettyPhoto[rel-ib6x38rs4lxcuqjl6wdi]\" ><img decoding=\"async\" class=\"\" src=\"https:\/\/www.ambrogi.it\/wp-content\/uploads\/2021\/07\/43-400x300.jpg\" width=\"400\" height=\"300\" alt=\"ovens for pizzeria ambrogi (10)\" title=\"43\" loading=\"lazy\" \/><\/a><a href=\"https:\/\/www.ambrogi.it\/wp-content\/uploads\/2021\/07\/36.jpg\"  rel=\"prettyPhoto[rel-ib6x38rs4lxcuqjl6wdi]\" ><img decoding=\"async\" class=\"\" src=\"https:\/\/www.ambrogi.it\/wp-content\/uploads\/2021\/07\/36-400x300.jpg\" width=\"400\" height=\"300\" alt=\"ovens for pizzeria ambrogi (10)\" title=\"36\" loading=\"lazy\" \/><\/a><a href=\"https:\/\/www.ambrogi.it\/wp-content\/uploads\/2021\/07\/24.jpg\"  rel=\"prettyPhoto[rel-ib6x38rs4lxcuqjl6wdi]\" ><img decoding=\"async\" class=\"\" src=\"https:\/\/www.ambrogi.it\/wp-content\/uploads\/2021\/07\/24-400x300.jpg\" width=\"400\" height=\"300\" alt=\"ovens for pizzeria ambrogi (10)\" title=\"24\" loading=\"lazy\" \/><\/a><a href=\"https:\/\/www.ambrogi.it\/wp-content\/uploads\/2021\/07\/25.jpg\"  rel=\"prettyPhoto[rel-ib6x38rs4lxcuqjl6wdi]\" ><img decoding=\"async\" class=\"\" src=\"https:\/\/www.ambrogi.it\/wp-content\/uploads\/2021\/07\/25-400x300.jpg\" width=\"400\" height=\"300\" alt=\"ovens for pizzeria ambrogi (10)\" title=\"25\" loading=\"lazy\" \/><\/a><a href=\"https:\/\/www.ambrogi.it\/wp-content\/uploads\/2021\/07\/26.jpg\"  rel=\"prettyPhoto[rel-ib6x38rs4lxcuqjl6wdi]\" ><img decoding=\"async\" class=\"\" src=\"https:\/\/www.ambrogi.it\/wp-content\/uploads\/2021\/07\/26-400x300.jpg\" width=\"400\" height=\"300\" alt=\"ovens for pizzeria ambrogi (10)\" title=\"26\" loading=\"lazy\" \/><\/a><a href=\"https:\/\/www.ambrogi.it\/wp-content\/uploads\/2021\/07\/30.jpg\"  rel=\"prettyPhoto[rel-ib6x38rs4lxcuqjl6wdi]\" ><img decoding=\"async\" class=\"\" src=\"https:\/\/www.ambrogi.it\/wp-content\/uploads\/2021\/07\/30-400x300.jpg\" width=\"400\" height=\"300\" alt=\"ovens for pizzeria ambrogi (10)\" title=\"30\" loading=\"lazy\" \/><\/a><a href=\"https:\/\/www.ambrogi.it\/wp-content\/uploads\/2021\/07\/22.jpg\"  rel=\"prettyPhoto[rel-ib6x38rs4lxcuqjl6wdi]\" ><img decoding=\"async\" class=\"\" src=\"https:\/\/www.ambrogi.it\/wp-content\/uploads\/2021\/07\/22-400x300.jpg\" width=\"400\" height=\"300\" alt=\"ovens for pizzeria ambrogi (10)\" title=\"22\" loading=\"lazy\" \/><\/a><a href=\"https:\/\/www.ambrogi.it\/wp-content\/uploads\/2021\/07\/21.jpg\"  rel=\"prettyPhoto[rel-ib6x38rs4lxcuqjl6wdi]\" ><img decoding=\"async\" class=\"\" src=\"https:\/\/www.ambrogi.it\/wp-content\/uploads\/2021\/07\/21-400x300.jpg\" width=\"400\" height=\"300\" alt=\"ovens for pizzeria ambrogi (10)\" title=\"21\" loading=\"lazy\" \/><\/a><a href=\"https:\/\/www.ambrogi.it\/wp-content\/uploads\/2021\/07\/20.jpg\"  rel=\"prettyPhoto[rel-ib6x38rs4lxcuqjl6wdi]\" ><img decoding=\"async\" class=\"\" src=\"https:\/\/www.ambrogi.it\/wp-content\/uploads\/2021\/07\/20-400x300.jpg\" width=\"400\" height=\"300\" alt=\"ovens for pizzeria ambrogi (10)\" title=\"20\" loading=\"lazy\" \/><\/a><a href=\"https:\/\/www.ambrogi.it\/wp-content\/uploads\/2021\/07\/12.jpg\"  rel=\"prettyPhoto[rel-ib6x38rs4lxcuqjl6wdi]\" ><img decoding=\"async\" class=\"\" src=\"https:\/\/www.ambrogi.it\/wp-content\/uploads\/2021\/07\/12-400x300.jpg\" width=\"400\" height=\"300\" alt=\"ovens for pizzeria ambrogi (10)\" title=\"12\" loading=\"lazy\" \/><\/a><a href=\"https:\/\/www.ambrogi.it\/wp-content\/uploads\/2021\/07\/1.jpg\"  rel=\"prettyPhoto[rel-ib6x38rs4lxcuqjl6wdi]\" ><img decoding=\"async\" class=\"\" src=\"https:\/\/www.ambrogi.it\/wp-content\/uploads\/2021\/07\/1-400x300.jpg\" width=\"400\" height=\"300\" alt=\"ovens for pizzeria ambrogi (10)\" title=\"1\" loading=\"lazy\" \/><\/a><a href=\"https:\/\/www.ambrogi.it\/wp-content\/uploads\/2021\/07\/2.jpg\"  rel=\"prettyPhoto[rel-ib6x38rs4lxcuqjl6wdi]\" ><img decoding=\"async\" class=\"\" src=\"https:\/\/www.ambrogi.it\/wp-content\/uploads\/2021\/07\/2-400x300.jpg\" width=\"400\" height=\"300\" alt=\"ovens for pizzeria ambrogi (\" title=\"2\" loading=\"lazy\" \/><\/a><a href=\"https:\/\/www.ambrogi.it\/wp-content\/uploads\/2021\/07\/3.jpg\"  rel=\"prettyPhoto[rel-ib6x38rs4lxcuqjl6wdi]\" ><img decoding=\"async\" class=\"\" src=\"https:\/\/www.ambrogi.it\/wp-content\/uploads\/2021\/07\/3-400x300.jpg\" width=\"400\" height=\"300\" alt=\"ovens for pizzeria ambrogi (10)\" title=\"3\" loading=\"lazy\" \/><\/a><a href=\"https:\/\/www.ambrogi.it\/wp-content\/uploads\/2021\/07\/9.jpg\"  rel=\"prettyPhoto[rel-ib6x38rs4lxcuqjl6wdi]\" ><img decoding=\"async\" class=\"\" src=\"https:\/\/www.ambrogi.it\/wp-content\/uploads\/2021\/07\/9-400x300.jpg\" width=\"400\" height=\"300\" alt=\"ovens for pizzeria ambrogi (10)\" title=\"9\" loading=\"lazy\" \/><\/a><a href=\"https:\/\/www.ambrogi.it\/wp-content\/uploads\/2022\/07\/fours-pour-pizzeria-ambrogi-4.jpg\"  rel=\"prettyPhoto[rel-ib6x38rs4lxcuqjl6wdi]\" ><img decoding=\"async\" class=\"\" src=\"https:\/\/www.ambrogi.it\/wp-content\/uploads\/2022\/07\/fours-pour-pizzeria-ambrogi-4-400x300.jpg\" width=\"400\" height=\"300\" alt=\"fours pour pizzeria ambrogi (4)\" title=\"fours pour pizzeria ambrogi (4)\" loading=\"lazy\" \/><\/a><\/div>[\/vc_column][vc_column width=\u00a0\u00bb1\/6&Prime;][\/vc_column][\/vc_row][vc_row][vc_column][vc_custom_heading text=\u00a0\u00bbBEAUCOUP DE PIZZAS, UN FOUR : AMBROGI\u00a0\u00bb font_container=\u00a0\u00bbtag:h2|text_align:center\u00a0\u00bb use_theme_fonts=\u00a0\u00bbyes\u00a0\u00bb][vc_column_text]<\/p>\n<p style=\"text-align: center;\">Tous nos fours \u00e0 bois et \u00e0 gaz sont adapt\u00e9s \u00e0 la cuisson des pizzas napolitaines, des pizzas traditionnelles,\u00a0 des pizzas dans moule \u00e0 g\u00e2teau, pizzas au m\u00e8tre, family pizza. Egalement, beaucoup d\u2019outre plats peuvent \u00eatre cuits dans nos fours.<\/p>\n<p>[\/vc_column_text][\/vc_column][\/vc_row][vc_row][vc_column width=\u00a0\u00bb1\/3&Prime;][vc_video link=\u00a0\u00bbhttps:\/\/www.youtube.com\/watch?v=WXpIfjZ_xkA\u00a0\u00bb align=\u00a0\u00bbcenter\u00a0\u00bb][\/vc_column][vc_column width=\u00a0\u00bb1\/3&Prime;][vc_video link=\u00a0\u00bbhttps:\/\/www.youtube.com\/watch?v=mN-BsiNyBLY\u00a0\u00bb][\/vc_column][vc_column width=\u00a0\u00bb1\/3&Prime;][vc_video link=\u00a0\u00bbhttps:\/\/www.youtube.com\/watch?v=qsSh8PM2ccU\u00a0\u00bb][\/vc_column][\/vc_row][vc_row][vc_column width=\u00a0\u00bb1\/3&Prime;][vc_video link=\u00a0\u00bbhttps:\/\/www.youtube.com\/watch?v=Z3TSLp2Vs08&Prime; align=\u00a0\u00bbcenter\u00a0\u00bb][\/vc_column][vc_column width=\u00a0\u00bb1\/3&Prime;][vc_video link=\u00a0\u00bbhttps:\/\/www.youtube.com\/watch?v=aSqejyYcJpI\u00a0\u00bb][\/vc_column][vc_column width=\u00a0\u00bb1\/3&Prime;][vc_video link=\u00a0\u00bbhttps:\/\/www.youtube.com\/watch?v=rgdUEE_w7qU\u00a0\u00bb][\/vc_column][\/vc_row][vc_row css=\u00a0\u00bb.vc_custom_1626974017710{padding-bottom: 50px !important;}\u00a0\u00bb][vc_column width=\u00a0\u00bb1\/3&Prime;][vc_video link=\u00a0\u00bbhttps:\/\/www.youtube.com\/watch?v=qc8_EtHdINU&amp;feature=youtu.be\u00a0\u00bb align=\u00a0\u00bbcenter\u00a0\u00bb][\/vc_column][vc_column width=\u00a0\u00bb1\/3&Prime;][vc_video link=\u00a0\u00bbhttps:\/\/www.youtube.com\/watch?v=sD9rki0vzQk\u00a0\u00bb][\/vc_column][vc_column width=\u00a0\u00bb1\/3&Prime;][vc_video link=\u00a0\u00bbhttps:\/\/www.youtube.com\/watch?v=zpC3Xif_MX4&amp;feature=youtu.be\u00a0\u00bb][\/vc_column][\/vc_row][vc_row type=\u00a0\u00bbfull-width-section\u00a0\u00bb content_placement=\u00a0\u00bbmiddle\u00a0\u00bb parallax=\u00a0\u00bbtt_parallax\u00a0\u00bb parallax_image=\u00a0\u00bb7405&Prime; tt_parallax_speed=\u00a0\u00bb1,2&Prime; css=\u00a0\u00bb.vc_custom_1620978247833{margin-bottom: 0px !important;padding-top: 20px !important;padding-bottom: 20px !important;background-color: #66222a !important;}\u00a0\u00bb][vc_column width=\u00a0\u00bb1\/2&Prime;][vc_column_text]<\/p>\n<h2 style=\"text-align: center; color: #ffffff; font-size: 32px;\">BESOIN DE NOTRE AIDE ?<\/h2>\n<p>&nbsp;<\/p>\n<p style=\"text-align: center; color: #ffffff; font-size: 26px; line-height: 32px;\">Vous avez besoin d&rsquo;un devis ?<\/p>\n<p style=\"text-align: center; color: #ffffff; font-size: 26px; line-height: 32px;\">Vous souhaitez des informations suppl\u00e9mentaires ?<\/p>\n<p style=\"text-align: center; color: #ffffff; font-size: 26px; line-height: 32px;\">Contactez-nous !<\/p>\n<p>[\/vc_column_text][\/vc_column][vc_column width=\u00a0\u00bb1\/2&Prime;][vc_custom_heading text=\u00a0\u00bbVoulez-vous plus d&rsquo;informations?\u00a0\u00bb font_container=\u00a0\u00bbtag:h2|text_align:center|color:%23ffffff\u00a0\u00bb use_theme_fonts=\u00a0\u00bbyes\u00a0\u00bb]<style type=\"text\/css\" >#rd_xp8z73m7920ijw5ljcoe .wpcf7 input[type=submit]{font-size:14px; font-weight:700; border-radius:5px; padding:9px 20px 10px; letter-spacing: 1.5px; border:2px solid; min-width:230px;}#rd_xp8z73m7920ijw5ljcoe .wpcf7 input[type=submit]:hover {background:#ffffff; border-color:#ffffff; color:#dd3333 !important;}#rd_xp8z73m7920ijw5ljcoe .wpcf7 textarea{height:100px;}#rd_xp8z73m7920ijw5ljcoe .wpcf7 input:not([type=submit]):not([type=checkbox]),#rd_xp8z73m7920ijw5ljcoe textarea,#rd_xp8z73m7920ijw5ljcoe .wpcf7 select{border-radius:5px;}#rd_xp8z73m7920ijw5ljcoe .wpcf7 input:not([type=submit]),#rd_xp8z73m7920ijw5ljcoe textarea,#rd_xp8z73m7920ijw5ljcoe .wpcf7 input[type=submit],#rd_xp8z73m7920ijw5ljcoe .wpcf7 select{margin-top:3px;}#rd_xp8z73m7920ijw5ljcoe p{margin-bottom:13px;}#rd_xp8z73m7920ijw5ljcoe .wpcf7 input:not([type=submit]):not([type=checkbox]),#rd_xp8z73m7920ijw5ljcoe .wpcf7  textarea,#rd_xp8z73m7920ijw5ljcoe .wpcf7 select{border:1px solid #ecf0f1; background:#ffffff;}#rd_xp8z73m7920ijw5ljcoe .wpcf7 input[type=submit]{background:#dd3333; color:#ffffff !important;}<\/style><div id=\"rd_xp8z73m7920ijw5ljcoe\" class=\"\">\n<div class=\"wpcf7 no-js\" id=\"wpcf7-f9222-o1\" lang=\"it-IT\" dir=\"ltr\">\n<div class=\"screen-reader-response\"><p role=\"status\" aria-live=\"polite\" aria-atomic=\"true\"><\/p> <ul><\/ul><\/div>\n<form action=\"\/fr\/wp-json\/wp\/v2\/pages\/11645#wpcf7-f9222-o1\" method=\"post\" class=\"wpcf7-form init wpcf7-acceptance-as-validation\" aria-label=\"Modulo di contatto\" novalidate=\"novalidate\" data-status=\"init\">\n<div style=\"display: none;\">\n<input type=\"hidden\" name=\"_wpcf7\" value=\"9222\" \/>\n<input type=\"hidden\" name=\"_wpcf7_version\" value=\"5.8.6\" \/>\n<input type=\"hidden\" name=\"_wpcf7_locale\" value=\"it_IT\" \/>\n<input type=\"hidden\" name=\"_wpcf7_unit_tag\" value=\"wpcf7-f9222-o1\" \/>\n<input type=\"hidden\" name=\"_wpcf7_container_post\" value=\"0\" \/>\n<input type=\"hidden\" name=\"_wpcf7_posted_data_hash\" value=\"\" \/>\n<input type=\"hidden\" name=\"_cf7a__timestamp\" value=\"1DIpQhMTYMQpnRPzHuYnbQ==\" \/>\n<input type=\"hidden\" name=\"_cf7a_version\" value=\"1.0\" \/>\n<input type=\"hidden\" name=\"_cf7a_address\" value=\"\" \/>\n<input type=\"hidden\" name=\"_cf7a_referer\" value=\"\" \/>\n<input type=\"hidden\" name=\"_cf7a_protocol\" value=\"\" \/>\n<\/div>\n<div style=\"text-align:center;\">\n\t<p><span class=\"wpcf7-form-control-wrap\" data-name=\"your-name\"><input size=\"40\" class=\"wpcf7-form-control wpcf7-text wpcf7-validates-as-required\" aria-required=\"true\" aria-invalid=\"false\" placeholder=\"Pr\u00e9nom et Nom\/Soci\u00e9t\u00e9\" value=\"\" type=\"text\" name=\"your-name\" \/><input type=\"text\" name=\"name\" value=\"\" autocomplete=\"fill\" class=\"fit-the-fullspace\" aria-hidden=\"true\" tabindex=\"-1\" \/><\/span>\n\t<\/p>\n\t<p><span class=\"wpcf7-form-control-wrap\" data-name=\"your-phone\"><input size=\"40\" class=\"wpcf7-form-control wpcf7-text wpcf7-validates-as-required\" aria-required=\"true\" aria-invalid=\"false\" placeholder=\"Num\u00e9ro de T\u00e9l\u00e9phone\" value=\"\" type=\"text\" name=\"your-phone\" \/><input type=\"text\" name=\"email\" value=\"\" autocomplete=\"fill\" class=\"fit-the-fullspace\" aria-hidden=\"true\" tabindex=\"-1\" \/><\/span>\n\t<\/p>\n\t<p><span class=\"wpcf7-form-control-wrap\" data-name=\"your-email\"><input size=\"40\" class=\"wpcf7-form-control wpcf7-email wpcf7-validates-as-required wpcf7-text wpcf7-validates-as-email\" aria-required=\"true\" aria-invalid=\"false\" placeholder=\"E-Mail\" value=\"\" type=\"email\" name=\"your-email\" \/><\/span>\n\t<\/p>\n\t<p><span class=\"wpcf7-form-control-wrap\" data-name=\"your-city\"><input type=\"text\" name=\"zip\" value=\"\" autocomplete=\"fill\" class=\"fit-the-fullspace\" aria-hidden=\"true\" tabindex=\"-1\" \/><input size=\"40\" class=\"wpcf7-form-control wpcf7-text wpcf7-validates-as-required\" aria-required=\"true\" aria-invalid=\"false\" placeholder=\"Ville\" value=\"\" type=\"text\" name=\"your-city\" \/><\/span>\n\t<\/p>\n\t<p style=\"color:#ffffff; font-size:20px;\"><span class=\"wpcf7-form-control-wrap\" data-name=\"tipologia-forno\"><span class=\"wpcf7-form-control wpcf7-radio\"><span class=\"wpcf7-list-item first\"><label><input type=\"radio\" name=\"tipologia-forno\" value=\"Professional use\" checked=\"checked\" \/><span class=\"wpcf7-list-item-label\">Professional use<\/span><\/label><\/span><span class=\"wpcf7-list-item last\"><label><input type=\"radio\" name=\"tipologia-forno\" value=\"Usage professionnel\" \/><span class=\"wpcf7-list-item-label\">Usage professionnel<\/span><\/label><\/span><\/span><\/span>\n\t<\/p>\n\t<p><span class=\"wpcf7-form-control-wrap\" data-name=\"your-message\"><textarea cols=\"40\" rows=\"10\" class=\"wpcf7-form-control wpcf7-textarea\" aria-invalid=\"false\" placeholder=\"Message\" name=\"your-message\"><\/textarea><\/span>\n\t<\/p>\n\t<p style=\"color:#ffffff\"><span class=\"wpcf7-form-control-wrap\" data-name=\"acceptance-197\"><span class=\"wpcf7-form-control wpcf7-acceptance\"><span class=\"wpcf7-list-item\"><label><input type=\"checkbox\" name=\"acceptance-197\" value=\"1\" aria-invalid=\"false\" \/><span class=\"wpcf7-list-item-label\">Je consens au traitement de mes donn\u00e9es personnelles conform\u00e9ment aux informations prises conform\u00e9ment \u00e0 l'art. 13 du r\u00e8glement UE 2016\/679.<\/span><\/label><\/span><\/span><\/span>\n\t<\/p>\n\t<p><input class=\"wpcf7-form-control wpcf7-submit has-spinner\" type=\"submit\" value=\"Enviar\" \/>\n\t<\/p>\n<\/div><div class=\"wpcf7-response-output\" aria-hidden=\"true\"><\/div>\n<\/form>\n<\/div>\n<\/div>[\/vc_column][\/vc_row]<\/p>\n<\/div>","protected":false},"excerpt":{"rendered":"<p>[vc_row type=\u00a0\u00bbfull-width-section\u00a0\u00bb css=\u00a0\u00bb.vc_custom_1717001178885{padding-top: 140px !important;padding-bottom: 140px !important;background-image: url(https:\/\/www.ambrogi.it\/wp-content\/uploads\/2023\/10\/header-napoli-elite.jpg?id=17177) !important;}\u00a0\u00bb el_class=\u00a0\u00bbtitle_row\u00a0\u00bb][vc_column width=\u00a0\u00bb1\/2&Prime;][vc_custom_heading text=\u00a0\u00bbGALERIE\u00a0\u00bb font_container=\u00a0\u00bbtag:div|font_size:65|text_align:left|color:%23ffffff\u00a0\u00bb google_fonts=\u00a0\u00bbfont_family:Muli%3A300%2C300italic%2Cregular%2Citalic|font_style:400%20regular%3A400%3Anormal\u00a0\u00bb][\/vc_column][vc_column width=\u00a0\u00bb1\/2&Prime;][\/vc_column][\/vc_row][vc_row][vc_column][vc_custom_heading text=\u00a0\u00bbNOS FOURS DANS LE MONDE\u00a0\u00bb font_container=\u00a0\u00bbtag:h2|text_align:center\u00a0\u00bb use_theme_fonts=\u00a0\u00bbyes\u00a0\u00bb][vc_column_text] Les fours Ambrogi sont symbole de la tradition italienne, attentifs \u00e0 la qualit\u00e9 des mat\u00e9riaux et \u00e0 l\u2019esth\u00e9tique.Nos fours \u00e0 bois et \u00e0 gaz professionnels sont install\u00e9s dans le monde entier. L\u2019image du<br \/><a href=\"https:\/\/www.ambrogi.it\/fr\/galerie-fours-pour-pizzeria\/\" class=\"more\">Lois<\/a><\/p>\n","protected":false},"author":1,"featured_media":11648,"parent":0,"menu_order":430,"comment_status":"closed","ping_status":"closed","template":"","meta":{"footnotes":""},"_links":{"self":[{"href":"https:\/\/www.ambrogi.it\/fr\/wp-json\/wp\/v2\/pages\/11645"}],"collection":[{"href":"https:\/\/www.ambrogi.it\/fr\/wp-json\/wp\/v2\/pages"}],"about":[{"href":"https:\/\/www.ambrogi.it\/fr\/wp-json\/wp\/v2\/types\/page"}],"author":[{"embeddable":true,"href":"https:\/\/www.ambrogi.it\/fr\/wp-json\/wp\/v2\/users\/1"}],"replies":[{"embeddable":true,"href":"https:\/\/www.ambrogi.it\/fr\/wp-json\/wp\/v2\/comments?post=11645"}],"version-history":[{"count":5,"href":"https:\/\/www.ambrogi.it\/fr\/wp-json\/wp\/v2\/pages\/11645\/revisions"}],"predecessor-version":[{"id":18787,"href":"https:\/\/www.ambrogi.it\/fr\/wp-json\/wp\/v2\/pages\/11645\/revisions\/18787"}],"wp:featuredmedia":[{"embeddable":true,"href":"https:\/\/www.ambrogi.it\/fr\/wp-json\/wp\/v2\/media\/11648"}],"wp:attachment":[{"href":"https:\/\/www.ambrogi.it\/fr\/wp-json\/wp\/v2\/media?parent=11645"}],"curies":[{"name":"wp","href":"https:\/\/api.w.org\/{rel}","templated":true}]}}