{"id":14031,"date":"2022-04-26T12:46:58","date_gmt":"2022-04-26T10:46:58","guid":{"rendered":"https:\/\/www.ambrogi.it\/linea-jolly\/"},"modified":"2024-05-28T15:50:54","modified_gmt":"2024-05-28T13:50:54","slug":"ligne-jolly","status":"publish","type":"page","link":"https:\/\/www.ambrogi.it\/fr\/ligne-jolly\/","title":{"rendered":"Ligne Jolly"},"content":{"rendered":"<div class=\"wpb-content-wrapper\"><p>[vc_row type=\u00a0\u00bbfull-width-section\u00a0\u00bb css=\u00a0\u00bb.vc_custom_1696517973236{padding-top: 140px !important;padding-bottom: 140px !important;background-image: url(https:\/\/www.ambrogi.it\/wp-content\/uploads\/2023\/10\/header-jolly.jpg?id=17165) !important;}\u00a0\u00bb el_class=\u00a0\u00bbtitle_row\u00a0\u00bb][vc_column width=\u00a0\u00bb1\/2&Prime;][vc_custom_heading text=\u00a0\u00bbLIGNE JOLLY\u00a0\u00bb font_container=\u00a0\u00bbtag:div|font_size:65|text_align:left|color:%23ffffff\u00a0\u00bb use_theme_fonts=\u00a0\u00bbyes\u00a0\u00bb][\/vc_column][vc_column width=\u00a0\u00bb1\/2&Prime;][\/vc_column][\/vc_row][vc_row type=\u00a0\u00bbfull-width-section\u00a0\u00bb parallax_background=\u00a0\u00bb\u00a0\u00bb css=\u00a0\u00bb.vc_custom_1624999599631{padding-top: 70px !important;}\u00a0\u00bb][vc_column][vc_custom_heading text=\u00a0\u00bbLES MEILLEURS PETITS FOURS PROFESSIONNELS\u00a0\u00bb font_container=\u00a0\u00bbtag:h1|font_size:28|text_align:center|color:%23000000&Prime; use_theme_fonts=\u00a0\u00bbyes\u00a0\u00bb css=\u00a0\u00bb.vc_custom_1651838772247{padding-bottom: 50px !important;}\u00a0\u00bb][vc_row_inner][vc_column_inner width=\u00a0\u00bb1\/3&Prime;][vc_single_image image=\u00a0\u00bb9078&Prime; img_size=\u00a0\u00bbfull\u00a0\u00bb alignment=\u00a0\u00bbcenter\u00a0\u00bb onclick=\u00a0\u00bbcustom_link\u00a0\u00bb link=\u00a0\u00bbhttps:\/\/www.ambrogi.it\/fr\/modelli\/four-pour-pizzeria-modele-jolly-grezzo\/\u00a0\u00bb][vc_custom_heading text=\u00a0\u00bbJolly GREZZO\u00a0\u00bb font_container=\u00a0\u00bbtag:h2|text_align:center|color:%23e63027&Prime; use_theme_fonts=\u00a0\u00bbyes\u00a0\u00bb link=\u00a0\u00bburl:https%3A%2F%2Fwww.ambrogi.it%2Ffr%2Fmodelli%2Ffour-pour-pizzeria-modele-jolly-grezzo%2F\u00a0\u00bb][\/vc_column_inner][vc_column_inner width=\u00a0\u00bb1\/3&Prime;][vc_single_image image=\u00a0\u00bb9082&Prime; img_size=\u00a0\u00bbfull\u00a0\u00bb alignment=\u00a0\u00bbcenter\u00a0\u00bb onclick=\u00a0\u00bbcustom_link\u00a0\u00bb link=\u00a0\u00bbhttps:\/\/www.ambrogi.it\/fr\/modelli\/four-pour-pizzeria-modele-jolly-rifinito\/\u00a0\u00bb][vc_custom_heading text=\u00a0\u00bbJolly RIFINITO\u00a0\u00bb font_container=\u00a0\u00bbtag:h2|text_align:center|color:%23e63027&Prime; use_theme_fonts=\u00a0\u00bbyes\u00a0\u00bb link=\u00a0\u00bburl:https%3A%2F%2Fwww.ambrogi.it%2Ffr%2Fmodelli%2Ffour-pour-pizzeria-modele-jolly-rifinito%2F\u00a0\u00bb][\/vc_column_inner][vc_column_inner width=\u00a0\u00bb1\/3&Prime;][vc_single_image image=\u00a0\u00bb9086&Prime; img_size=\u00a0\u00bbfull\u00a0\u00bb alignment=\u00a0\u00bbcenter\u00a0\u00bb onclick=\u00a0\u00bbcustom_link\u00a0\u00bb link=\u00a0\u00bbhttps:\/\/www.ambrogi.it\/fr\/modelli\/four-pour-pizzeria-modele-jolly-napoli\/\u00a0\u00bb][vc_custom_heading text=\u00a0\u00bbJolly NAPOLI\u00a0\u00bb font_container=\u00a0\u00bbtag:h2|text_align:center|color:%23e63027&Prime; use_theme_fonts=\u00a0\u00bbyes\u00a0\u00bb link=\u00a0\u00bburl:https%3A%2F%2Fwww.ambrogi.it%2Ffr%2Fmodelli%2Ffour-pour-pizzeria-modele-jolly-napoli%2F\u00a0\u00bb][\/vc_column_inner][\/vc_row_inner][\/vc_column][\/vc_row][vc_row type=\u00a0\u00bbfull-width-section\u00a0\u00bb css=\u00a0\u00bb.vc_custom_1424164078572{margin-bottom: 100px !important;}\u00a0\u00bb parallax_background=\u00a0\u00bb\u00a0\u00bb][vc_column]<style type=\"text\/css\" >#promo_s896dnu2rhs59x10bznh {margin:0px 0 0px 0;}<\/style><style type=\"text\/css\" >#promo_s896dnu2rhs59x10bznh {color:#ffffff; background:#dd3333;}#promo_s896dnu2rhs59x10bznh .promo_text{border:5px solid #ffffff; }#promo_s896dnu2rhs59x10bznh .promo_title{color:#ffffff;}<\/style><div id=\"promo_s896dnu2rhs59x10bznh\" class=\"rd_promo_box rd_cta_3 rda_bounceInRight\"><div class=\"promo_text\"><h2 class=\"promo_title\">NOUS EXP\u00c9DIONS NOS FOURS DANS LE MONDE ENTIER<\/h2><p class=\"cta_mt\">Contactez-nous d\u00e8s maintenant pour plus d&rsquo;informations sur nos mod\u00e8les JOLLY de fours \u00e0 pizza professionnels.<p><\/div><\/div>[\/vc_column][\/vc_row][vc_row type=\u00a0\u00bbfull-width-section\u00a0\u00bb parallax_background=\u00a0\u00bb\u00a0\u00bb][vc_column][vc_custom_heading text=\u00a0\u00bbPOURQUOI JOLLY\u00a0\u00bb font_container=\u00a0\u00bbtag:h2|font_size:36|text_align:center|color:%23000000&Prime; use_theme_fonts=\u00a0\u00bbyes\u00a0\u00bb css=\u00a0\u00bb.vc_custom_1651748310974{margin-bottom: 25px !important;}\u00a0\u00bb][vc_empty_space height=\u00a0\u00bb50px\u00a0\u00bb][vc_row_inner css=\u00a0\u00bb.vc_custom_1620902194252{padding-top: 30px !important;}\u00a0\u00bb][vc_column_inner width=\u00a0\u00bb1\/3&Prime; css=\u00a0\u00bb.vc_custom_1419059394630{padding-bottom: 60px;}\u00a0\u00bb]<style type=\"text\/css\" >#rand_4ifp6bhtpw9gkdlrjodh {margin-top:0px; margin-bottom:0px; }<\/style><style type=\"text\/css\" >#rand_4ifp6bhtpw9gkdlrjodh:hover .icon_circle i{color:#dd3333 !important;}#rand_4ifp6bhtpw9gkdlrjodh:hover .icon_circle{background:#2d3e50 !important; border:4px solid #dd3333!important;}<\/style> <style type='text\/css'> @font-face{font-family: 'cn'; src:url('https:\/\/www.ambrogi.it\/wp-content\/themes\/thefox\/includes\/4k-icons\/icons\/4k-icons-pack01\/icons\/fonts\/cn.eot'); src:url('https:\/\/www.ambrogi.it\/wp-content\/themes\/thefox\/includes\/4k-icons\/icons\/4k-icons-pack01\/icons\/fonts\/cn.eot?#iefix') format('embedded-opentype'), url('https:\/\/www.ambrogi.it\/wp-content\/themes\/thefox\/includes\/4k-icons\/icons\/4k-icons-pack01\/icons\/fonts\/cn.woff') format('woff'), url('https:\/\/www.ambrogi.it\/wp-content\/themes\/thefox\/includes\/4k-icons\/icons\/4k-icons-pack01\/icons\/fonts\/cn.ttf') format('truetype'), url('https:\/\/www.ambrogi.it\/wp-content\/themes\/thefox\/includes\/4k-icons\/icons\/4k-icons-pack01\/icons\/fonts\/cn.svg#oi') format('svg'); font-weight: normal; font-style: normal;}#rand_4ifp6bhtpw9gkdlrjodh .cn-italy:before{font-family: 'cn'; font-weight: normal; font-style: normal;}#rand_4ifp6bhtpw9gkdlrjodh .cn-italy:before{content: \"\\e854\";}<\/style>\n<style type=\"text\/css\" >#rand_4ifp6bhtpw9gkdlrjodh:hover .box_btn{ background:#dd3333 !important; color:#fff!important; border:1px solid #dd3333 !important;  }<\/style><style type=\"text\/css\" >#rand_4ifp6bhtpw9gkdlrjodh:hover {background:#ffffff !important; border:1px solid #ecf0f1 !important; color:!important;}#rand_4ifp6bhtpw9gkdlrjodh:hover .icon_circle{background:#2d3e50 !important; border:4px solid #ffffff!important;}#rand_4ifp6bhtpw9gkdlrjodh:hover .icon_circle i{color:#ffffff !important;}#rand_4ifp6bhtpw9gkdlrjodh:hover h3{color:#2d3e50 !important;}#rand_4ifp6bhtpw9gkdlrjodh:hover .box_btn{ background:#000000 !important; color:#ffffff!important; border:1px solid #000000 !important;  }#rand_4ifp6bhtpw9gkdlrjodh:hover p{ color:;}<\/style> <a href=\"https:\/\/www.ambrogi.it\/fr\/qui-nous-sommes\/\" target=\"_blank\" ><div id=\"rand_4ifp6bhtpw9gkdlrjodh\" class=\"icon_box2_alt rda_zoomIn\" style=\"background:#fbfcfc; border:1px solid #e6ebf0; padding:65px 30px 50px 30px;\"><div class=\"icon_circle\" style=\"background-color:#dd3333;\"><i class=\"cn-italy\" ><\/i><\/div><h3 style=\"color:;\">FABRIQU\u00c9 EN ITALIE<\/h3><p style=\"padding:2px 0 10px 0\"><\/p>\n<p id=\"tw-target-text\" class=\"tw-data-text tw-text-large tw-ta\" dir=\"ltr\" data-placeholder=\"Traduzione\"><span class=\"Y2IQFc\" lang=\"fr\">Ambrogi produit des fours traditionnels \u00e0 bois et \u00e0 gaz pour pizzeria enti\u00e8rement con\u00e7us et construits en ITALIE depuis 80 ans.<\/span><\/p>\n<p><\/p><a class=\"box_btn\" style=\"background-color:#ffffff; color:#dd3333; border:1px solid #e5e5e5;\" href=\"https:\/\/www.ambrogi.it\/fr\/qui-nous-sommes\/\" target=\"_blank\">L'HISTOIRE<\/a><\/div><\/a>[\/vc_column_inner][vc_column_inner width=\u00a0\u00bb1\/3&Prime; css=\u00a0\u00bb.vc_custom_1419059404338{padding-bottom: 60px;}\u00a0\u00bb]<style type=\"text\/css\" >#rand_5y9ebv8cxb4qb43yhi33 {margin-top:0px; margin-bottom:0px; }<\/style><style type=\"text\/css\" >#rand_5y9ebv8cxb4qb43yhi33:hover .icon_circle i{color:#dd3333 !important;}#rand_5y9ebv8cxb4qb43yhi33:hover .icon_circle{background:#2d3e50 !important; border:4px solid #dd3333!important;}<\/style> <style type='text\/css'> @font-face{font-family: 'imf'; src:url('https:\/\/www.ambrogi.it\/wp-content\/themes\/thefox\/includes\/4k-icons\/icons\/4k-icons-pack03\/icons\/fonts\/imf.eot'); src:url('https:\/\/www.ambrogi.it\/wp-content\/themes\/thefox\/includes\/4k-icons\/icons\/4k-icons-pack03\/icons\/fonts\/imf.eot?#iefix') format('embedded-opentype'), url('https:\/\/www.ambrogi.it\/wp-content\/themes\/thefox\/includes\/4k-icons\/icons\/4k-icons-pack03\/icons\/fonts\/imf.woff') format('woff'), url('https:\/\/www.ambrogi.it\/wp-content\/themes\/thefox\/includes\/4k-icons\/icons\/4k-icons-pack03\/icons\/fonts\/imf.ttf') format('truetype'), url('https:\/\/www.ambrogi.it\/wp-content\/themes\/thefox\/includes\/4k-icons\/icons\/4k-icons-pack03\/icons\/fonts\/imf.svg#oi') format('svg'); font-weight: normal; font-style: normal;}#rand_5y9ebv8cxb4qb43yhi33 .imf-fire-2:before{font-family: 'imf'; font-weight: normal; font-style: normal;}#rand_5y9ebv8cxb4qb43yhi33 .imf-fire-2:before{content: \"\\e23f\";}<\/style>\n<style type=\"text\/css\" >#rand_5y9ebv8cxb4qb43yhi33:hover .box_btn{ background:#dd3333 !important; color:#fff!important; border:1px solid #dd3333 !important;  }<\/style><style type=\"text\/css\" >#rand_5y9ebv8cxb4qb43yhi33:hover {background:#ffffff !important; border:1px solid #ecf0f1 !important; color:!important;}#rand_5y9ebv8cxb4qb43yhi33:hover .icon_circle{background:#2d3e50 !important; border:4px solid #ffffff!important;}#rand_5y9ebv8cxb4qb43yhi33:hover .icon_circle i{color:#ffffff !important;}#rand_5y9ebv8cxb4qb43yhi33:hover h3{color:#2d3e50 !important;}#rand_5y9ebv8cxb4qb43yhi33:hover .box_btn{ background:#000000 !important; color:#ffffff!important; border:1px solid #000000 !important;  }#rand_5y9ebv8cxb4qb43yhi33:hover p{ color:;}<\/style> <a href=\"https:\/\/www.ambrogi.it\/fr\/contacts\/\" target=\"_blank\" ><div id=\"rand_5y9ebv8cxb4qb43yhi33\" class=\"icon_box2_alt rda_zoomIn\" style=\"background:#fbfcfc; border:1px solid #e6ebf0; padding:65px 30px 50px 30px;\"><div class=\"icon_circle\" style=\"background-color:#dd3333;\"><i class=\"imf-fire-2\" ><\/i><\/div><h3 style=\"color:#2c3e50;\">PERSONNALISABLE<\/h3><p style=\"padding:2px 0 10px 0\">Nos fours peuvent \u00eatre aliment\u00e9s aussi bien au bois qu&rsquo;au gaz et peuvent \u00eatre personnalis\u00e9s dans les rev\u00eatements \u00e0 int\u00e9grer dans vos meubles.<\/p><a class=\"box_btn\" style=\"background-color:#ffffff; color:#dd3333; border:1px solid #e5e5e5;\" href=\"https:\/\/www.ambrogi.it\/fr\/contacts\/\" target=\"_blank\">NOUS CONTACTER<\/a><\/div><\/a>[\/vc_column_inner][vc_column_inner width=\u00a0\u00bb1\/3&Prime; css=\u00a0\u00bb.vc_custom_1419059413172{padding-bottom: 60px;}\u00a0\u00bb]<style type=\"text\/css\" >#rand_eafg5xlypfpes51n8c08 {margin-top:0px; margin-bottom:0px; }<\/style><style type=\"text\/css\" >#rand_eafg5xlypfpes51n8c08:hover .icon_circle i{color:#dd3333 !important;}#rand_eafg5xlypfpes51n8c08:hover .icon_circle{background:#2d3e50 !important; border:4px solid #dd3333!important;}<\/style> <style type='text\/css'> @font-face{font-family: 'imf'; src:url('https:\/\/www.ambrogi.it\/wp-content\/themes\/thefox\/includes\/4k-icons\/icons\/4k-icons-pack03\/icons\/fonts\/imf.eot'); src:url('https:\/\/www.ambrogi.it\/wp-content\/themes\/thefox\/includes\/4k-icons\/icons\/4k-icons-pack03\/icons\/fonts\/imf.eot?#iefix') format('embedded-opentype'), url('https:\/\/www.ambrogi.it\/wp-content\/themes\/thefox\/includes\/4k-icons\/icons\/4k-icons-pack03\/icons\/fonts\/imf.woff') format('woff'), url('https:\/\/www.ambrogi.it\/wp-content\/themes\/thefox\/includes\/4k-icons\/icons\/4k-icons-pack03\/icons\/fonts\/imf.ttf') format('truetype'), url('https:\/\/www.ambrogi.it\/wp-content\/themes\/thefox\/includes\/4k-icons\/icons\/4k-icons-pack03\/icons\/fonts\/imf.svg#oi') format('svg'); font-weight: normal; font-style: normal;}#rand_eafg5xlypfpes51n8c08 .imf-thumbs-up-2:before{font-family: 'imf'; font-weight: normal; font-style: normal;}#rand_eafg5xlypfpes51n8c08 .imf-thumbs-up-2:before{content: \"\\e310\";}<\/style>\n<style type=\"text\/css\" >#rand_eafg5xlypfpes51n8c08:hover .box_btn{ background:#dd3333 !important; color:#fff!important; border:1px solid #dd3333 !important;  }<\/style><style type=\"text\/css\" >#rand_eafg5xlypfpes51n8c08:hover {background:#ffffff !important; border:1px solid #ecf0f1 !important; color:!important;}#rand_eafg5xlypfpes51n8c08:hover .icon_circle{background:#2d3e50 !important; border:4px solid #ffffff!important;}#rand_eafg5xlypfpes51n8c08:hover .icon_circle i{color:#ffffff !important;}#rand_eafg5xlypfpes51n8c08:hover h3{color:#2d3e50 !important;}#rand_eafg5xlypfpes51n8c08:hover .box_btn{ background:#000000 !important; color:#ffffff!important; border:1px solid #000000 !important;  }#rand_eafg5xlypfpes51n8c08:hover p{ color:;}<\/style> <a href=\"https:\/\/www.ambrogi.it\/fr\/caracteristiques-fours-professionnels-pour-pizzerias\/\" target=\"_blank\" ><div id=\"rand_eafg5xlypfpes51n8c08\" class=\"icon_box2_alt rda_zoomIn\" style=\"background:#fbfcfc; border:1px solid #e6ebf0; padding:65px 30px 50px 30px;\"><div class=\"icon_circle\" style=\"background-color:#dd3333;\"><i class=\"imf-thumbs-up-2\" ><\/i><\/div><h3 style=\"color:#2c3e50;\">POLYVALENCE<\/h3><p style=\"padding:2px 0 10px 0\"><\/p>\n<p id=\"tw-target-text\" class=\"tw-data-text tw-text-large tw-ta\" dir=\"ltr\" data-placeholder=\"Traduzione\"><span class=\"Y2IQFc\" lang=\"fr\">Selon les mod\u00e8les, nos fours professionnels pour pizzerias peuvent \u00eatre esth\u00e9tiquement personnalis\u00e9s afin de s&rsquo;adapter \u00e0 votre lieu.<\/span><\/p>\n<p><\/p><a class=\"box_btn\" style=\"background-color:#ffffff; color:#dd3333; border:1px solid #e5e5e5;\" href=\"https:\/\/www.ambrogi.it\/fr\/caracteristiques-fours-professionnels-pour-pizzerias\/\" target=\"_blank\">INFO FOURS<\/a><\/div><\/a>[\/vc_column_inner][\/vc_row_inner][\/vc_column][\/vc_row][vc_row type=\u00a0\u00bbfull-width-section\u00a0\u00bb content_placement=\u00a0\u00bbmiddle\u00a0\u00bb parallax=\u00a0\u00bbtt_parallax\u00a0\u00bb parallax_image=\u00a0\u00bb7405&Prime; tt_parallax_speed=\u00a0\u00bb1,2&Prime; css=\u00a0\u00bb.vc_custom_1620978247833{margin-bottom: 0px !important;padding-top: 20px !important;padding-bottom: 20px !important;background-color: #66222a !important;}\u00a0\u00bb][vc_column width=\u00a0\u00bb1\/2&Prime;][vc_column_text]<\/p>\n<h2 style=\"text-align: center; color: #ffffff; font-size: 32px;\">BESOIN DE NOTRE AIDE ?<\/h2>\n<p>&nbsp;<\/p>\n<p style=\"text-align: center; color: #ffffff; font-size: 26px; line-height: 32px;\">Vous avez besoin d&rsquo;un devis ?<\/p>\n<p style=\"text-align: center; color: #ffffff; font-size: 26px; line-height: 32px;\">Vous souhaitez des informations suppl\u00e9mentaires ?<\/p>\n<p style=\"text-align: center; color: #ffffff; font-size: 26px; line-height: 32px;\">Contactez-nous !<\/p>\n<p>[\/vc_column_text][\/vc_column][vc_column width=\u00a0\u00bb1\/2&Prime;][vc_custom_heading text=\u00a0\u00bbVoulez-vous plus d&rsquo;informations?\u00a0\u00bb font_container=\u00a0\u00bbtag:h2|text_align:center|color:%23ffffff\u00a0\u00bb use_theme_fonts=\u00a0\u00bbyes\u00a0\u00bb]<style type=\"text\/css\" >#rd_ys9k9pp66mut3yv6ht21 .wpcf7 input[type=submit]{font-size:14px; font-weight:700; border-radius:5px; padding:9px 20px 10px; letter-spacing: 1.5px; border:2px solid; min-width:230px;}#rd_ys9k9pp66mut3yv6ht21 .wpcf7 input[type=submit]:hover {background:#ffffff; border-color:#ffffff; color:#dd3333 !important;}#rd_ys9k9pp66mut3yv6ht21 .wpcf7 textarea{height:100px;}#rd_ys9k9pp66mut3yv6ht21 .wpcf7 input:not([type=submit]):not([type=checkbox]),#rd_ys9k9pp66mut3yv6ht21 textarea,#rd_ys9k9pp66mut3yv6ht21 .wpcf7 select{border-radius:5px;}#rd_ys9k9pp66mut3yv6ht21 .wpcf7 input:not([type=submit]),#rd_ys9k9pp66mut3yv6ht21 textarea,#rd_ys9k9pp66mut3yv6ht21 .wpcf7 input[type=submit],#rd_ys9k9pp66mut3yv6ht21 .wpcf7 select{margin-top:3px;}#rd_ys9k9pp66mut3yv6ht21 p{margin-bottom:13px;}#rd_ys9k9pp66mut3yv6ht21 .wpcf7 input:not([type=submit]):not([type=checkbox]),#rd_ys9k9pp66mut3yv6ht21 .wpcf7  textarea,#rd_ys9k9pp66mut3yv6ht21 .wpcf7 select{border:1px solid #ecf0f1; background:#ffffff;}#rd_ys9k9pp66mut3yv6ht21 .wpcf7 input[type=submit]{background:#dd3333; color:#ffffff !important;}<\/style><div id=\"rd_ys9k9pp66mut3yv6ht21\" class=\"\">\n<div class=\"wpcf7 no-js\" id=\"wpcf7-f9222-o1\" lang=\"it-IT\" dir=\"ltr\">\n<div class=\"screen-reader-response\"><p role=\"status\" aria-live=\"polite\" aria-atomic=\"true\"><\/p> <ul><\/ul><\/div>\n<form action=\"\/fr\/wp-json\/wp\/v2\/pages\/14031#wpcf7-f9222-o1\" method=\"post\" class=\"wpcf7-form init wpcf7-acceptance-as-validation\" aria-label=\"Modulo di contatto\" novalidate=\"novalidate\" data-status=\"init\">\n<div style=\"display: none;\">\n<input type=\"hidden\" name=\"_wpcf7\" value=\"9222\" \/>\n<input type=\"hidden\" name=\"_wpcf7_version\" value=\"5.8.6\" \/>\n<input type=\"hidden\" name=\"_wpcf7_locale\" value=\"it_IT\" \/>\n<input type=\"hidden\" name=\"_wpcf7_unit_tag\" value=\"wpcf7-f9222-o1\" \/>\n<input type=\"hidden\" name=\"_wpcf7_container_post\" value=\"0\" \/>\n<input type=\"hidden\" name=\"_wpcf7_posted_data_hash\" value=\"\" \/>\n<input type=\"hidden\" name=\"_cf7a__timestamp\" value=\"XPc0rLa+smGhrjggXcZh7w==\" \/>\n<input type=\"hidden\" name=\"_cf7a_version\" value=\"1.0\" \/>\n<input type=\"hidden\" name=\"_cf7a_address\" value=\"\" \/>\n<input type=\"hidden\" name=\"_cf7a_referer\" value=\"\" \/>\n<input type=\"hidden\" name=\"_cf7a_protocol\" value=\"\" \/>\n<\/div>\n<div style=\"text-align:center;\">\n\t<p><span class=\"wpcf7-form-control-wrap\" data-name=\"your-name\"><input type=\"text\" name=\"name\" value=\"\" autocomplete=\"fill\" class=\"fit-the-fullspace\" aria-hidden=\"true\" tabindex=\"-1\" \/><input size=\"40\" class=\"wpcf7-form-control wpcf7-text wpcf7-validates-as-required\" aria-required=\"true\" aria-invalid=\"false\" placeholder=\"Pr\u00e9nom et Nom\/Soci\u00e9t\u00e9\" value=\"\" type=\"text\" name=\"your-name\" \/><\/span>\n\t<\/p>\n\t<p><span class=\"wpcf7-form-control-wrap\" data-name=\"your-phone\"><input type=\"text\" name=\"email\" value=\"\" autocomplete=\"fill\" class=\"fit-the-fullspace\" aria-hidden=\"true\" tabindex=\"-1\" \/><input size=\"40\" class=\"wpcf7-form-control wpcf7-text wpcf7-validates-as-required\" aria-required=\"true\" aria-invalid=\"false\" placeholder=\"Num\u00e9ro de T\u00e9l\u00e9phone\" value=\"\" type=\"text\" name=\"your-phone\" \/><\/span>\n\t<\/p>\n\t<p><span class=\"wpcf7-form-control-wrap\" data-name=\"your-email\"><input size=\"40\" class=\"wpcf7-form-control wpcf7-email wpcf7-validates-as-required wpcf7-text wpcf7-validates-as-email\" aria-required=\"true\" aria-invalid=\"false\" placeholder=\"E-Mail\" value=\"\" type=\"email\" name=\"your-email\" \/><\/span>\n\t<\/p>\n\t<p><span class=\"wpcf7-form-control-wrap\" data-name=\"your-city\"><input size=\"40\" class=\"wpcf7-form-control wpcf7-text wpcf7-validates-as-required\" aria-required=\"true\" aria-invalid=\"false\" placeholder=\"Ville\" value=\"\" type=\"text\" name=\"your-city\" \/><input type=\"text\" name=\"zip\" value=\"\" autocomplete=\"fill\" class=\"fit-the-fullspace\" aria-hidden=\"true\" tabindex=\"-1\" \/><\/span>\n\t<\/p>\n\t<p style=\"color:#ffffff; font-size:20px;\"><span class=\"wpcf7-form-control-wrap\" data-name=\"tipologia-forno\"><span class=\"wpcf7-form-control wpcf7-radio\"><span class=\"wpcf7-list-item first\"><label><input type=\"radio\" name=\"tipologia-forno\" value=\"Professional use\" checked=\"checked\" \/><span class=\"wpcf7-list-item-label\">Professional use<\/span><\/label><\/span><span class=\"wpcf7-list-item last\"><label><input type=\"radio\" name=\"tipologia-forno\" value=\"Usage professionnel\" \/><span class=\"wpcf7-list-item-label\">Usage professionnel<\/span><\/label><\/span><\/span><\/span>\n\t<\/p>\n\t<p><span class=\"wpcf7-form-control-wrap\" data-name=\"your-message\"><textarea cols=\"40\" rows=\"10\" class=\"wpcf7-form-control wpcf7-textarea\" aria-invalid=\"false\" placeholder=\"Message\" name=\"your-message\"><\/textarea><\/span>\n\t<\/p>\n\t<p style=\"color:#ffffff\"><span class=\"wpcf7-form-control-wrap\" data-name=\"acceptance-197\"><span class=\"wpcf7-form-control wpcf7-acceptance\"><span class=\"wpcf7-list-item\"><label><input type=\"checkbox\" name=\"acceptance-197\" value=\"1\" aria-invalid=\"false\" \/><span class=\"wpcf7-list-item-label\">Je consens au traitement de mes donn\u00e9es personnelles conform\u00e9ment aux informations prises conform\u00e9ment \u00e0 l'art. 13 du r\u00e8glement UE 2016\/679.<\/span><\/label><\/span><\/span><\/span>\n\t<\/p>\n\t<p><input class=\"wpcf7-form-control wpcf7-submit has-spinner\" type=\"submit\" value=\"Enviar\" \/>\n\t<\/p>\n<\/div><div class=\"wpcf7-response-output\" aria-hidden=\"true\"><\/div>\n<\/form>\n<\/div>\n<\/div>[\/vc_column][\/vc_row]<\/p>\n<\/div>","protected":false},"excerpt":{"rendered":"<p>[vc_row type=\u00a0\u00bbfull-width-section\u00a0\u00bb css=\u00a0\u00bb.vc_custom_1696517973236{padding-top: 140px !important;padding-bottom: 140px !important;background-image: url(https:\/\/www.ambrogi.it\/wp-content\/uploads\/2023\/10\/header-jolly.jpg?id=17165) !important;}\u00a0\u00bb el_class=\u00a0\u00bbtitle_row\u00a0\u00bb][vc_column width=\u00a0\u00bb1\/2&Prime;][vc_custom_heading text=\u00a0\u00bbLIGNE JOLLY\u00a0\u00bb font_container=\u00a0\u00bbtag:div|font_size:65|text_align:left|color:%23ffffff\u00a0\u00bb use_theme_fonts=\u00a0\u00bbyes\u00a0\u00bb][\/vc_column][vc_column width=\u00a0\u00bb1\/2&Prime;][\/vc_column][\/vc_row][vc_row type=\u00a0\u00bbfull-width-section\u00a0\u00bb parallax_background=\u00a0\u00bb\u00a0\u00bb css=\u00a0\u00bb.vc_custom_1624999599631{padding-top: 70px !important;}\u00a0\u00bb][vc_column][vc_custom_heading text=\u00a0\u00bbLES MEILLEURS PETITS FOURS PROFESSIONNELS\u00a0\u00bb font_container=\u00a0\u00bbtag:h1|font_size:28|text_align:center|color:%23000000&Prime; use_theme_fonts=\u00a0\u00bbyes\u00a0\u00bb css=\u00a0\u00bb.vc_custom_1651838772247{padding-bottom: 50px !important;}\u00a0\u00bb][vc_row_inner][vc_column_inner width=\u00a0\u00bb1\/3&Prime;][vc_single_image image=\u00a0\u00bb9078&Prime; img_size=\u00a0\u00bbfull\u00a0\u00bb alignment=\u00a0\u00bbcenter\u00a0\u00bb onclick=\u00a0\u00bbcustom_link\u00a0\u00bb link=\u00a0\u00bbhttps:\/\/www.ambrogi.it\/fr\/modelli\/four-pour-pizzeria-modele-jolly-grezzo\/\u00a0\u00bb][vc_custom_heading text=\u00a0\u00bbJolly GREZZO\u00a0\u00bb font_container=\u00a0\u00bbtag:h2|text_align:center|color:%23e63027&Prime; use_theme_fonts=\u00a0\u00bbyes\u00a0\u00bb link=\u00a0\u00bburl:https%3A%2F%2Fwww.ambrogi.it%2Ffr%2Fmodelli%2Ffour-pour-pizzeria-modele-jolly-grezzo%2F\u00a0\u00bb][\/vc_column_inner][vc_column_inner width=\u00a0\u00bb1\/3&Prime;][vc_single_image image=\u00a0\u00bb9082&Prime; img_size=\u00a0\u00bbfull\u00a0\u00bb alignment=\u00a0\u00bbcenter\u00a0\u00bb onclick=\u00a0\u00bbcustom_link\u00a0\u00bb link=\u00a0\u00bbhttps:\/\/www.ambrogi.it\/fr\/modelli\/four-pour-pizzeria-modele-jolly-rifinito\/\u00a0\u00bb][vc_custom_heading text=\u00a0\u00bbJolly RIFINITO\u00a0\u00bb font_container=\u00a0\u00bbtag:h2|text_align:center|color:%23e63027&Prime; use_theme_fonts=\u00a0\u00bbyes\u00a0\u00bb link=\u00a0\u00bburl:https%3A%2F%2Fwww.ambrogi.it%2Ffr%2Fmodelli%2Ffour-pour-pizzeria-modele-jolly-rifinito%2F\u00a0\u00bb][\/vc_column_inner][vc_column_inner width=\u00a0\u00bb1\/3&Prime;][vc_single_image image=\u00a0\u00bb9086&Prime;<br \/><a href=\"https:\/\/www.ambrogi.it\/fr\/ligne-jolly\/\" class=\"more\">Lois<\/a><\/p>\n","protected":false},"author":1,"featured_media":14037,"parent":0,"menu_order":531,"comment_status":"closed","ping_status":"closed","template":"","meta":{"footnotes":""},"_links":{"self":[{"href":"https:\/\/www.ambrogi.it\/fr\/wp-json\/wp\/v2\/pages\/14031"}],"collection":[{"href":"https:\/\/www.ambrogi.it\/fr\/wp-json\/wp\/v2\/pages"}],"about":[{"href":"https:\/\/www.ambrogi.it\/fr\/wp-json\/wp\/v2\/types\/page"}],"author":[{"embeddable":true,"href":"https:\/\/www.ambrogi.it\/fr\/wp-json\/wp\/v2\/users\/1"}],"replies":[{"embeddable":true,"href":"https:\/\/www.ambrogi.it\/fr\/wp-json\/wp\/v2\/comments?post=14031"}],"version-history":[{"count":11,"href":"https:\/\/www.ambrogi.it\/fr\/wp-json\/wp\/v2\/pages\/14031\/revisions"}],"predecessor-version":[{"id":17224,"href":"https:\/\/www.ambrogi.it\/fr\/wp-json\/wp\/v2\/pages\/14031\/revisions\/17224"}],"wp:featuredmedia":[{"embeddable":true,"href":"https:\/\/www.ambrogi.it\/fr\/wp-json\/wp\/v2\/media\/14037"}],"wp:attachment":[{"href":"https:\/\/www.ambrogi.it\/fr\/wp-json\/wp\/v2\/media?parent=14031"}],"curies":[{"name":"wp","href":"https:\/\/api.w.org\/{rel}","templated":true}]}}