{"id":17269,"date":"2023-10-11T19:07:19","date_gmt":"2023-10-11T17:07:19","guid":{"rendered":"https:\/\/www.ambrogi.it\/?page_id=17269"},"modified":"2024-05-28T15:50:16","modified_gmt":"2024-05-28T13:50:16","slug":"fours-professionnels-a-usage-domestique","status":"publish","type":"page","link":"https:\/\/www.ambrogi.it\/fr\/fours-professionnels-a-usage-domestique\/","title":{"rendered":"Mod\u00e8les Professionnels Pour un Usage Domestique"},"content":{"rendered":"<div class=\"wpb-content-wrapper\"><p>[vc_row type=\u00a0\u00bbfull-width-section\u00a0\u00bb css=\u00a0\u00bb.vc_custom_1696521387594{padding-top: 140px !important;padding-bottom: 140px !important;background-image: url(https:\/\/www.ambrogi.it\/wp-content\/uploads\/2023\/10\/header-modelli-professionali.jpg?id=17173) !important;}\u00a0\u00bb el_class=\u00a0\u00bbtitle_row\u00a0\u00bb][vc_column width=\u00a0\u00bb1\/2&Prime;][vc_custom_heading text=\u00a0\u00bbFOURS \u00c0 USAGE<br \/>\nDOMESTIQUE\u00a0\u00bb font_container=\u00a0\u00bbtag:div|font_size:65|text_align:left|color:%23ffffff|line_height:80px\u00a0\u00bb use_theme_fonts=\u00a0\u00bbyes\u00a0\u00bb][\/vc_column][vc_column width=\u00a0\u00bb1\/2&Prime;][\/vc_column][\/vc_row][vc_row el_class=\u00a0\u00bbicone\u00a0\u00bb css=\u00a0\u00bb.vc_custom_1696521421808{padding-top: 50px !important;}\u00a0\u00bb][vc_column width=\u00a0\u00bb1\/3&Prime;][vc_column_text]<\/p>\n<div style=\"text-align: justify;\">Les fours Ambrogi sont fabriqu\u00e9s enti\u00e8rement \u00e0 la main par une \u00e9quipe hautement qualifi\u00e9e afin de maintenir la haute qualit\u00e9 \u00e0 laquelle nos clients sont habitu\u00e9s et afin de respecter notre tradition artisanale centenaire.Nous nous sp\u00e9cialisons dans la construction de fours adapt\u00e9s \u00e0 la cuisson des pizzas napolitaines, des pizzas traditionnelles et des pizzas dans moule \u00e0 g\u00e2teau.<\/div>\n<p>[\/vc_column_text][vc_accordion active_tab=\u00a0\u00bb1&Prime; collapsible=\u00a0\u00bbyes\u00a0\u00bb style=\u00a0\u00bbrd_acc_3&Prime; mt=\u00a0\u00bb20&Prime; mb=\u00a0\u00bb20&Prime;][vc_accordion_tab title=\u00a0\u00bbMADE IN ITALY\u00a0\u00bb title_color=\u00a0\u00bb#2c3e50&Prime; active_title_color=\u00a0\u00bb#2c3e50&Prime;][vc_column_text]Nos produits sont enti\u00e8rement fabriqu\u00e9s en Italie avec des mat\u00e9riaux certifi\u00e9s et en respectant les normes artisanales du Made in Italy.[\/vc_column_text][\/vc_accordion_tab][vc_accordion_tab title=\u00a0\u00bbQUALIT\u00c9\u00a0\u00bb][vc_column_text]Les fours Ambrogi sont fabriqu\u00e9s enti\u00e8rement \u00e0 la main par du personnel qualifi\u00e9. Outre la r\u00e9alisation toujours pr\u00e9cise du produit fini, nous sommes tr\u00e8s attentifs et prudents dans le choix des mati\u00e8res premi\u00e8res. Leur m\u00e9lange particulier garantit une durabilit\u00e9 extr\u00eame dans le temps, la qualit\u00e9 de la cuisson, \u00e9vite les creux et les pertes de chaleur et assure une consommation minimale.[\/vc_column_text][\/vc_accordion_tab][vc_accordion_tab title=\u00a0\u00bbEXP\u00c9RIENCE ET COMP\u00c9TENCE\u00a0\u00bb][vc_column_text]L\u2019expertise \u00e9tablie et des d\u00e9cennies d\u2019exp\u00e9rience sont notre meilleure garantie technique. Le respect de la tradition artisanale italienne, alli\u00e9 \u00e0 une constante recherche innovante et \u00e0 des am\u00e9liorations de la production, maintient la haute qualit\u00e9 \u00e0 laquelle nos clients sont habitu\u00e9s.[\/vc_column_text][\/vc_accordion_tab][vc_accordion_tab title=\u00a0\u00bbDESIGN E RIVESTIMENTI\u00a0\u00bb][vc_column_text]Les fours Ambrogi ont toujours \u00e9t\u00e9 reconnaissables au premier coup d\u2019\u0153il. Ils sont uniques, beaux, massifs, \u00e9l\u00e9gants, compacts, traditionnels et adapt\u00e9s \u00e0 tout environnement de travail, du plus classique au plus moderne. Les diff\u00e9rents mod\u00e8les de fours Ambrogi contribuent de fa\u00e7on in\u00e9gal\u00e9e \u00e0 la solution des probl\u00e8mes d\u2019encombrement, d\u2019agencement et d\u2019insertion dans les meubles neufs ou pr\u00e9existants. Le design historique et reconnaissable de nos produits a toujours \u00e9t\u00e9 un point fort, pour nous et pour vous. La notori\u00e9t\u00e9 qualitative incontestable li\u00e9e au nom Ambrogi s\u2019associera imm\u00e9diatement au niveau de service que vous souhaitez pr\u00e9parer pour Votre entreprise. La grande disponibilit\u00e9 des dimensions rend nos produits utilisables dans n\u2019importe quel contexte pr\u00e9existant, ou ils seront le pivot de la conception d\u2019une nouvelle pi\u00e8ce. En regardant les propositions de rev\u00eatement avec des car\u00e9nages en acier inoxydable ou des panneaux en cuivre dans diff\u00e9rents usinages, vous pourrez choisir celui qui convient le mieux \u00e0 Votre mobilier. Alternativement, gr\u00e2ce \u00e0 l\u2019excellente \u00e9tanch\u00e9it\u00e9 thermique, les fours pourront \u00eatre rev\u00eatus \u00e0 volont\u00e9, ce qui les rend absolument personnalis\u00e9s et uniques.[\/vc_column_text][\/vc_accordion_tab][\/vc_accordion][\/vc_column][vc_column width=\u00a0\u00bb2\/3&Prime;][vc_row_inner][vc_column_inner width=\u00a0\u00bb1\/2&Prime;][vc_single_image image=\u00a0\u00bb9078&Prime; img_size=\u00a0\u00bbfull\u00a0\u00bb alignment=\u00a0\u00bbcenter\u00a0\u00bb onclick=\u00a0\u00bbcustom_link\u00a0\u00bb link=\u00a0\u00bbhttps:\/\/www.ambrogi.it\/fr\/modelli\/four-pour-pizzeria-modele-jolly-grezzo\/\u00a0\u00bb][vc_custom_heading text=\u00a0\u00bbJOLLY GREZZO\u00a0\u00bb font_container=\u00a0\u00bbtag:h2|text_align:center|color:%23e63027&Prime; use_theme_fonts=\u00a0\u00bbyes\u00a0\u00bb link=\u00a0\u00bburl:https%3A%2F%2Fwww.ambrogi.it%2Ffr%2Fmodelli%2Ffour-pour-pizzeria-modele-jolly-grezzo%2F\u00a0\u00bb][\/vc_column_inner][vc_column_inner width=\u00a0\u00bb1\/2&Prime;][vc_single_image image=\u00a0\u00bb9082&Prime; img_size=\u00a0\u00bbfull\u00a0\u00bb alignment=\u00a0\u00bbcenter\u00a0\u00bb onclick=\u00a0\u00bbcustom_link\u00a0\u00bb link=\u00a0\u00bbhttps:\/\/www.ambrogi.it\/fr\/modelli\/four-pour-pizzeria-modele-jolly-rifinito\/\u00a0\u00bb][vc_custom_heading text=\u00a0\u00bbJOLLY RIFINITO\u00a0\u00bb font_container=\u00a0\u00bbtag:h2|text_align:center|color:%23e63027&Prime; use_theme_fonts=\u00a0\u00bbyes\u00a0\u00bb link=\u00a0\u00bburl:https%3A%2F%2Fwww.ambrogi.it%2Ffr%2Fmodelli%2Ffour-pour-pizzeria-modele-jolly-rifinito%2F\u00a0\u00bb][\/vc_column_inner][\/vc_row_inner][vc_row_inner][vc_column_inner width=\u00a0\u00bb1\/2&Prime;][vc_single_image image=\u00a0\u00bb9086&Prime; img_size=\u00a0\u00bbfull\u00a0\u00bb alignment=\u00a0\u00bbcenter\u00a0\u00bb onclick=\u00a0\u00bbcustom_link\u00a0\u00bb link=\u00a0\u00bbhttps:\/\/www.ambrogi.it\/fr\/modelli\/four-pour-pizzeria-modele-jolly-napoli\/\u00a0\u00bb][vc_custom_heading text=\u00a0\u00bbJOLLY NAPOLI\u00a0\u00bb font_container=\u00a0\u00bbtag:h2|text_align:center|color:%23e63027&Prime; use_theme_fonts=\u00a0\u00bbyes\u00a0\u00bb link=\u00a0\u00bburl:https%3A%2F%2Fwww.ambrogi.it%2Ffr%2Fmodelli%2Ffour-pour-pizzeria-modele-jolly-napoli%2F\u00a0\u00bb][\/vc_column_inner][vc_column_inner width=\u00a0\u00bb1\/2&Prime;][vc_single_image image=\u00a0\u00bb15826&Prime; img_size=\u00a0\u00bbfull\u00a0\u00bb alignment=\u00a0\u00bbcenter\u00a0\u00bb onclick=\u00a0\u00bbcustom_link\u00a0\u00bb link=\u00a0\u00bbhttps:\/\/www.ambrogi.it\/fr\/mod\u00e8les\/ambrogino\/\u00a0\u00bb el_class=\u00a0\u00bbmodelli_ambrogino\u00a0\u00bb][vc_custom_heading text=\u00a0\u00bbAMBROGINO\u00a0\u00bb font_container=\u00a0\u00bbtag:h2|text_align:center|color:%23e63027&Prime; use_theme_fonts=\u00a0\u00bbyes\u00a0\u00bb link=\u00a0\u00bburl:https%3A%2F%2Fwww.ambrogi.it%2Ffr%2Fmod%C3%A8les%2Fambrogino%2F\u00a0\u00bb][\/vc_column_inner][\/vc_row_inner][\/vc_column][\/vc_row][vc_row type=\u00a0\u00bbfull-width-section\u00a0\u00bb content_placement=\u00a0\u00bbmiddle\u00a0\u00bb parallax=\u00a0\u00bbtt_parallax\u00a0\u00bb parallax_image=\u00a0\u00bb7405&Prime; tt_parallax_speed=\u00a0\u00bb1,2&Prime; css=\u00a0\u00bb.vc_custom_1628872237606{margin-bottom: 0px !important;padding-top: 20px !important;padding-bottom: 20px !important;background-color: #66222a !important;}\u00a0\u00bb][vc_column width=\u00a0\u00bb1\/2&Prime;][vc_column_text]<\/p>\n<h2 style=\"text-align: center; color: #ffffff; font-size: 32px;\">BESOIN DE NOTRE AIDE ?<\/h2>\n<p>&nbsp;<\/p>\n<p style=\"text-align: center; color: #ffffff; font-size: 26px; line-height: 32px;\">Vous avez besoin d&rsquo;un devis ?<\/p>\n<p style=\"text-align: center; color: #ffffff; font-size: 26px; line-height: 32px;\">Vous souhaitez des informations suppl\u00e9mentaires ?<\/p>\n<p style=\"text-align: center; color: #ffffff; font-size: 26px; line-height: 32px;\">Contactez-nous !<\/p>\n<p>[\/vc_column_text][\/vc_column][vc_column width=\u00a0\u00bb1\/2&Prime;][vc_custom_heading text=\u00a0\u00bbVoulez-vous plus d&rsquo;informations?\u00a0\u00bb font_container=\u00a0\u00bbtag:h2|text_align:center|color:%23ffffff\u00a0\u00bb use_theme_fonts=\u00a0\u00bbyes\u00a0\u00bb]<style type=\"text\/css\" >#rd_wz7hkkaejt78vypgl9ym .wpcf7 input[type=submit]{font-size:14px; font-weight:700; border-radius:5px; padding:9px 20px 10px; letter-spacing: 1.5px; border:2px solid; min-width:230px;}#rd_wz7hkkaejt78vypgl9ym .wpcf7 input[type=submit]:hover {background:#ffffff; border-color:#ffffff; color:#dd3333 !important;}#rd_wz7hkkaejt78vypgl9ym .wpcf7 textarea{height:100px;}#rd_wz7hkkaejt78vypgl9ym .wpcf7 input:not([type=submit]):not([type=checkbox]),#rd_wz7hkkaejt78vypgl9ym textarea,#rd_wz7hkkaejt78vypgl9ym .wpcf7 select{border-radius:5px;}#rd_wz7hkkaejt78vypgl9ym .wpcf7 input:not([type=submit]),#rd_wz7hkkaejt78vypgl9ym textarea,#rd_wz7hkkaejt78vypgl9ym .wpcf7 input[type=submit],#rd_wz7hkkaejt78vypgl9ym .wpcf7 select{margin-top:3px;}#rd_wz7hkkaejt78vypgl9ym p{margin-bottom:13px;}#rd_wz7hkkaejt78vypgl9ym .wpcf7 input:not([type=submit]):not([type=checkbox]),#rd_wz7hkkaejt78vypgl9ym .wpcf7  textarea,#rd_wz7hkkaejt78vypgl9ym .wpcf7 select{border:1px solid #ecf0f1; background:#ffffff;}#rd_wz7hkkaejt78vypgl9ym .wpcf7 input[type=submit]{background:#dd3333; color:#ffffff !important;}<\/style><div id=\"rd_wz7hkkaejt78vypgl9ym\" class=\"\">\n<div class=\"wpcf7 no-js\" id=\"wpcf7-f9222-o1\" lang=\"it-IT\" dir=\"ltr\">\n<div class=\"screen-reader-response\"><p role=\"status\" aria-live=\"polite\" aria-atomic=\"true\"><\/p> <ul><\/ul><\/div>\n<form action=\"\/fr\/wp-json\/wp\/v2\/pages\/17269#wpcf7-f9222-o1\" method=\"post\" class=\"wpcf7-form init wpcf7-acceptance-as-validation\" aria-label=\"Modulo di contatto\" novalidate=\"novalidate\" data-status=\"init\">\n<div style=\"display: none;\">\n<input type=\"hidden\" name=\"_wpcf7\" value=\"9222\" \/>\n<input type=\"hidden\" name=\"_wpcf7_version\" value=\"5.8.6\" \/>\n<input type=\"hidden\" name=\"_wpcf7_locale\" value=\"it_IT\" \/>\n<input type=\"hidden\" name=\"_wpcf7_unit_tag\" value=\"wpcf7-f9222-o1\" \/>\n<input type=\"hidden\" name=\"_wpcf7_container_post\" value=\"0\" \/>\n<input type=\"hidden\" name=\"_wpcf7_posted_data_hash\" value=\"\" \/>\n<input type=\"hidden\" name=\"_cf7a__timestamp\" value=\"Gr3FeWUSvGanBNc5pPnFyQ==\" \/>\n<input type=\"hidden\" name=\"_cf7a_version\" value=\"1.0\" \/>\n<input type=\"hidden\" name=\"_cf7a_address\" value=\"\" \/>\n<input type=\"hidden\" name=\"_cf7a_referer\" value=\"\" \/>\n<input type=\"hidden\" name=\"_cf7a_protocol\" value=\"\" \/>\n<\/div>\n<div style=\"text-align:center;\">\n\t<p><span class=\"wpcf7-form-control-wrap\" data-name=\"your-name\"><input type=\"text\" name=\"name\" value=\"\" autocomplete=\"fill\" class=\"fit-the-fullspace\" aria-hidden=\"true\" tabindex=\"-1\" \/><input size=\"40\" class=\"wpcf7-form-control wpcf7-text wpcf7-validates-as-required\" aria-required=\"true\" aria-invalid=\"false\" placeholder=\"Pr\u00e9nom et Nom\/Soci\u00e9t\u00e9\" value=\"\" type=\"text\" name=\"your-name\" \/><\/span>\n\t<\/p>\n\t<p><span class=\"wpcf7-form-control-wrap\" data-name=\"your-phone\"><input type=\"text\" name=\"email\" value=\"\" autocomplete=\"fill\" class=\"fit-the-fullspace\" aria-hidden=\"true\" tabindex=\"-1\" \/><input size=\"40\" class=\"wpcf7-form-control wpcf7-text wpcf7-validates-as-required\" aria-required=\"true\" aria-invalid=\"false\" placeholder=\"Num\u00e9ro de T\u00e9l\u00e9phone\" value=\"\" type=\"text\" name=\"your-phone\" \/><\/span>\n\t<\/p>\n\t<p><span class=\"wpcf7-form-control-wrap\" data-name=\"your-email\"><input size=\"40\" class=\"wpcf7-form-control wpcf7-email wpcf7-validates-as-required wpcf7-text wpcf7-validates-as-email\" aria-required=\"true\" aria-invalid=\"false\" placeholder=\"E-Mail\" value=\"\" type=\"email\" name=\"your-email\" \/><\/span>\n\t<\/p>\n\t<p><span class=\"wpcf7-form-control-wrap\" data-name=\"your-city\"><input size=\"40\" class=\"wpcf7-form-control wpcf7-text wpcf7-validates-as-required\" aria-required=\"true\" aria-invalid=\"false\" placeholder=\"Ville\" value=\"\" type=\"text\" name=\"your-city\" \/><input type=\"text\" name=\"zip\" value=\"\" autocomplete=\"fill\" class=\"fit-the-fullspace\" aria-hidden=\"true\" tabindex=\"-1\" \/><\/span>\n\t<\/p>\n\t<p style=\"color:#ffffff; font-size:20px;\"><span class=\"wpcf7-form-control-wrap\" data-name=\"tipologia-forno\"><span class=\"wpcf7-form-control wpcf7-radio\"><span class=\"wpcf7-list-item first\"><label><input type=\"radio\" name=\"tipologia-forno\" value=\"Professional use\" checked=\"checked\" \/><span class=\"wpcf7-list-item-label\">Professional use<\/span><\/label><\/span><span class=\"wpcf7-list-item last\"><label><input type=\"radio\" name=\"tipologia-forno\" value=\"Usage professionnel\" \/><span class=\"wpcf7-list-item-label\">Usage professionnel<\/span><\/label><\/span><\/span><\/span>\n\t<\/p>\n\t<p><span class=\"wpcf7-form-control-wrap\" data-name=\"your-message\"><textarea cols=\"40\" rows=\"10\" class=\"wpcf7-form-control wpcf7-textarea\" aria-invalid=\"false\" placeholder=\"Message\" name=\"your-message\"><\/textarea><\/span>\n\t<\/p>\n\t<p style=\"color:#ffffff\"><span class=\"wpcf7-form-control-wrap\" data-name=\"acceptance-197\"><span class=\"wpcf7-form-control wpcf7-acceptance\"><span class=\"wpcf7-list-item\"><label><input type=\"checkbox\" name=\"acceptance-197\" value=\"1\" aria-invalid=\"false\" \/><span class=\"wpcf7-list-item-label\">Je consens au traitement de mes donn\u00e9es personnelles conform\u00e9ment aux informations prises conform\u00e9ment \u00e0 l'art. 13 du r\u00e8glement UE 2016\/679.<\/span><\/label><\/span><\/span><\/span>\n\t<\/p>\n\t<p><input class=\"wpcf7-form-control wpcf7-submit has-spinner\" type=\"submit\" value=\"Enviar\" \/>\n\t<\/p>\n<\/div><div class=\"wpcf7-response-output\" aria-hidden=\"true\"><\/div>\n<\/form>\n<\/div>\n<\/div>[\/vc_column][\/vc_row]<\/p>\n<\/div>","protected":false},"excerpt":{"rendered":"<p>[vc_row type=\u00a0\u00bbfull-width-section\u00a0\u00bb css=\u00a0\u00bb.vc_custom_1696521387594{padding-top: 140px !important;padding-bottom: 140px !important;background-image: url(https:\/\/www.ambrogi.it\/wp-content\/uploads\/2023\/10\/header-modelli-professionali.jpg?id=17173) !important;}\u00a0\u00bb el_class=\u00a0\u00bbtitle_row\u00a0\u00bb][vc_column width=\u00a0\u00bb1\/2&Prime;][vc_custom_heading text=\u00a0\u00bbFOURS \u00c0 USAGE DOMESTIQUE\u00a0\u00bb font_container=\u00a0\u00bbtag:div|font_size:65|text_align:left|color:%23ffffff|line_height:80px\u00a0\u00bb use_theme_fonts=\u00a0\u00bbyes\u00a0\u00bb][\/vc_column][vc_column width=\u00a0\u00bb1\/2&Prime;][\/vc_column][\/vc_row][vc_row el_class=\u00a0\u00bbicone\u00a0\u00bb css=\u00a0\u00bb.vc_custom_1696521421808{padding-top: 50px !important;}\u00a0\u00bb][vc_column width=\u00a0\u00bb1\/3&Prime;][vc_column_text] Les fours Ambrogi sont fabriqu\u00e9s enti\u00e8rement \u00e0 la main par une \u00e9quipe hautement qualifi\u00e9e afin de maintenir la haute qualit\u00e9 \u00e0 laquelle nos clients sont habitu\u00e9s et afin de respecter notre tradition<br \/><a href=\"https:\/\/www.ambrogi.it\/fr\/fours-professionnels-a-usage-domestique\/\" class=\"more\">Lois<\/a><\/p>\n","protected":false},"author":1,"featured_media":17300,"parent":0,"menu_order":388,"comment_status":"closed","ping_status":"closed","template":"","meta":{"footnotes":""},"_links":{"self":[{"href":"https:\/\/www.ambrogi.it\/fr\/wp-json\/wp\/v2\/pages\/17269"}],"collection":[{"href":"https:\/\/www.ambrogi.it\/fr\/wp-json\/wp\/v2\/pages"}],"about":[{"href":"https:\/\/www.ambrogi.it\/fr\/wp-json\/wp\/v2\/types\/page"}],"author":[{"embeddable":true,"href":"https:\/\/www.ambrogi.it\/fr\/wp-json\/wp\/v2\/users\/1"}],"replies":[{"embeddable":true,"href":"https:\/\/www.ambrogi.it\/fr\/wp-json\/wp\/v2\/comments?post=17269"}],"version-history":[{"count":5,"href":"https:\/\/www.ambrogi.it\/fr\/wp-json\/wp\/v2\/pages\/17269\/revisions"}],"predecessor-version":[{"id":17383,"href":"https:\/\/www.ambrogi.it\/fr\/wp-json\/wp\/v2\/pages\/17269\/revisions\/17383"}],"wp:featuredmedia":[{"embeddable":true,"href":"https:\/\/www.ambrogi.it\/fr\/wp-json\/wp\/v2\/media\/17300"}],"wp:attachment":[{"href":"https:\/\/www.ambrogi.it\/fr\/wp-json\/wp\/v2\/media?parent=17269"}],"curies":[{"name":"wp","href":"https:\/\/api.w.org\/{rel}","templated":true}]}}